{"id":42593,"date":"2025-02-28T14:46:14","date_gmt":"2025-02-28T14:46:14","guid":{"rendered":"https:\/\/floxyhairplus.it\/?page_id=42593"},"modified":"2025-07-04T10:22:56","modified_gmt":"2025-07-04T10:22:56","slug":"elementor-42593","status":"publish","type":"page","link":"https:\/\/floxyhairplus.it\/en\/elementor-42593\/","title":{"rendered":"Chi Siamo"},"content":{"rendered":"<div data-elementor-type=\"wp-page\" data-elementor-id=\"42593\" class=\"elementor elementor-42593\" data-elementor-post-type=\"page\">\n\t\t\t\t<div class=\"elementor-element elementor-element-576916f e-flex e-con-boxed e-con e-parent\" data-id=\"576916f\" data-element_type=\"container\" data-e-type=\"container\" data-settings=\"{&quot;background_background&quot;:&quot;classic&quot;}\">\n\t\t\t\t\t<div class=\"e-con-inner\">\n\t\t<div class=\"elementor-element elementor-element-9dbd73e e-con-full e-flex e-con e-child\" data-id=\"9dbd73e\" data-element_type=\"container\" data-e-type=\"container\">\n\t\t\t\t<div class=\"elementor-element elementor-element-b4ad8cf elementor-widget elementor-widget-heading\" data-id=\"b4ad8cf\" data-element_type=\"widget\" data-e-type=\"widget\" data-widget_type=\"heading.default\">\n\t\t\t\t\t<h1 class=\"elementor-heading-title elementor-size-default\">Chi Siamo<\/h1>\t\t\t\t<\/div>\n\t\t\t\t<\/div>\n\t\t\t\t\t<\/div>\n\t\t\t\t<\/div>\n\t\t<div class=\"elementor-element elementor-element-5898f86 e-flex e-con-boxed e-con e-parent\" data-id=\"5898f86\" data-element_type=\"container\" data-e-type=\"container\">\n\t\t\t\t\t<div class=\"e-con-inner\">\n\t\t<div class=\"elementor-element elementor-element-a471c7a e-con-full e-flex e-con e-child\" data-id=\"a471c7a\" data-element_type=\"container\" data-e-type=\"container\">\n\t\t\t\t<div class=\"elementor-element elementor-element-602b490 elementor-widget elementor-widget-heading\" data-id=\"602b490\" data-element_type=\"widget\" data-e-type=\"widget\" data-widget_type=\"heading.default\">\n\t\t\t\t\t<h2 class=\"elementor-heading-title elementor-size-default\">Dalla Visione alla Moda: La Nascita di FloxyHairPlus<\/h2>\t\t\t\t<\/div>\n\t\t\t\t<\/div>\n\t\t<div class=\"elementor-element elementor-element-3f51f8d e-con-full e-flex e-con e-child\" data-id=\"3f51f8d\" data-element_type=\"container\" data-e-type=\"container\">\n\t\t\t\t<div class=\"elementor-element elementor-element-310a9d8 elementor-widget elementor-widget-heading\" data-id=\"310a9d8\" data-element_type=\"widget\" data-e-type=\"widget\" data-widget_type=\"heading.default\">\n\t\t\t\t\t<h6 class=\"elementor-heading-title elementor-size-default\">La nostra storia<\/h6>\t\t\t\t<\/div>\n\t\t\t\t<div class=\"elementor-element elementor-element-9bfd3ac elementor-widget elementor-widget-image-box\" data-id=\"9bfd3ac\" data-element_type=\"widget\" data-e-type=\"widget\" data-widget_type=\"image-box.default\">\n\t\t\t\t\t<div class=\"elementor-image-box-wrapper\"><div class=\"elementor-image-box-content\"><h5 class=\"elementor-image-box-title\">Il nostro viaggio \u00e8 iniziato con una visione semplice ma potente:<\/h5><p class=\"elementor-image-box-description\">Ridefinire il modo in cui le persone vivono le extension per capelli. Spinti dalla nostra passione per la bellezza e dall\u2019impegno per l\u2019individualit\u00e0, ci siamo impegnati a offrire extension di altissima qualit\u00e0 a prezzi competitivi. Dai nostri umili inizi nel 2015 a Novara, Italia, fino alla vibrante comunit\u00e0 di clienti che abbiamo oggi, ogni traguardo rappresenta un capitolo della nostra storia. Unisciti a noi in questo viaggio, dove ogni prodotto \u00e8 una dichiarazione di stile, fiducia ed eccellenza.<\/p><\/div><\/div>\t\t\t\t<\/div>\n\t\t\t\t<\/div>\n\t\t<div class=\"elementor-element elementor-element-e92d08f e-con-full e-flex e-con e-child\" data-id=\"e92d08f\" data-element_type=\"container\" data-e-type=\"container\">\n\t\t\t\t<div class=\"elementor-element elementor-element-db4cc49 elementor-widget elementor-widget-heading\" data-id=\"db4cc49\" data-element_type=\"widget\" data-e-type=\"widget\" data-widget_type=\"heading.default\">\n\t\t\t\t\t<h6 class=\"elementor-heading-title elementor-size-default\">Garanzia di Qualit\u00e0<\/h6>\t\t\t\t<\/div>\n\t\t\t\t<div class=\"elementor-element elementor-element-fcc7a1f elementor-widget elementor-widget-image-box\" data-id=\"fcc7a1f\" data-element_type=\"widget\" data-e-type=\"widget\" data-widget_type=\"image-box.default\">\n\t\t\t\t\t<div class=\"elementor-image-box-wrapper\"><div class=\"elementor-image-box-content\"><h2 class=\"elementor-image-box-title\">Comprendiamo che i capelli sono un\u2019espressione di identit\u00e0 e siamo orgogliosi di offrire prodotti che soddisfano i pi\u00f9 alti standard di qualit\u00e0.<\/h2><p class=\"elementor-image-box-description\">Con il 90% delle nostre extension provenienti direttamente dall\u2019India, garantiamo una selezione di capelli di lusso che offrono durata, morbidezza e un aspetto completamente naturale. Il nostro impegno per la qualit\u00e0 \u00e8 la base del nostro marchio, assicurando che ogni cliente riceva solo il meglio.<\/p><\/div><\/div>\t\t\t\t<\/div>\n\t\t\t\t<\/div>\n\t\t\t\t\t<\/div>\n\t\t\t\t<\/div>\n\t\t<div class=\"elementor-element elementor-element-bdafa3c e-flex e-con-boxed e-con e-parent\" data-id=\"bdafa3c\" data-element_type=\"container\" data-e-type=\"container\" data-settings=\"{&quot;background_background&quot;:&quot;classic&quot;}\">\n\t\t\t\t\t<div class=\"e-con-inner\">\n\t\t<div class=\"elementor-element elementor-element-f643276 e-con-full e-flex e-con e-child\" data-id=\"f643276\" data-element_type=\"container\" data-e-type=\"container\">\n\t\t\t\t<div class=\"elementor-element elementor-element-3f174b6 elementor-widget elementor-widget-heading\" data-id=\"3f174b6\" data-element_type=\"widget\" data-e-type=\"widget\" data-widget_type=\"heading.default\">\n\t\t\t\t\t<h6 class=\"elementor-heading-title elementor-size-default\">Approccio Customer-Centric<\/h6>\t\t\t\t<\/div>\n\t\t\t\t<div class=\"elementor-element elementor-element-1cf2f8a elementor-widget elementor-widget-image-box\" data-id=\"1cf2f8a\" data-element_type=\"widget\" data-e-type=\"widget\" data-widget_type=\"image-box.default\">\n\t\t\t\t\t<div class=\"elementor-image-box-wrapper\"><div class=\"elementor-image-box-content\"><h2 class=\"elementor-image-box-title\">Crediamo che l\u2019essenza del nostro successo risieda nella soddisfazione del cliente.<\/h2><p class=\"elementor-image-box-description\">Non solo seguiamo le ultime tendenze nelle extension per capelli, ma ci concentriamo anche nel comprendere e soddisfare le esigenze uniche di ogni persona che sceglie FloxyHairPlus. Offriamo consigli personalizzati, spedizioni rapide e un servizio clienti eccezionale. Che tu stia cercando l\u2019extension perfetta, una parrucca su misura o prodotti per la cura dei capelli, il nostro team \u00e8 qui per rendere la tua esperienza semplice, piacevole e superiore alle aspettative. Unisciti alla nostra comunit\u00e0 di appassionati di bellezza, dove qualit\u00e0 e soddisfazione del cliente non sono solo priorit\u00e0 ma la nostra vera passione.<\/p><\/div><\/div>\t\t\t\t<\/div>\n\t\t\t\t<\/div>\n\t\t\t\t\t<\/div>\n\t\t\t\t<\/div>\n\t\t<div class=\"elementor-element elementor-element-0630b1e e-flex e-con-boxed e-con e-parent\" data-id=\"0630b1e\" data-element_type=\"container\" data-e-type=\"container\">\n\t\t\t\t\t<div class=\"e-con-inner\">\n\t\t<div class=\"elementor-element elementor-element-8f65fb9 e-con-full e-flex e-con e-child\" data-id=\"8f65fb9\" data-element_type=\"container\" data-e-type=\"container\">\n\t\t\t\t<div class=\"elementor-element elementor-element-1c16a3a elementor-widget elementor-widget-heading\" data-id=\"1c16a3a\" data-element_type=\"widget\" data-e-type=\"widget\" data-widget_type=\"heading.default\">\n\t\t\t\t\t<h6 class=\"elementor-heading-title elementor-size-default\">Iniziative di Sostenibilit\u00e0<\/h6>\t\t\t\t<\/div>\n\t\t\t\t<div class=\"elementor-element elementor-element-005576a elementor-widget elementor-widget-heading\" data-id=\"005576a\" data-element_type=\"widget\" data-e-type=\"widget\" data-widget_type=\"heading.default\">\n\t\t\t\t\t<h2 class=\"elementor-heading-title elementor-size-default\">Visione, Missione e Valori<\/h2>\t\t\t\t<\/div>\n\t\t\t\t<\/div>\n\t\t<div class=\"elementor-element elementor-element-85f2501 e-con-full e-flex e-con e-child\" data-id=\"85f2501\" data-element_type=\"container\" data-e-type=\"container\">\n\t\t\t\t<div class=\"elementor-element elementor-element-d9bb7eb elementor-widget elementor-widget-heading\" data-id=\"d9bb7eb\" data-element_type=\"widget\" data-e-type=\"widget\" data-widget_type=\"heading.default\">\n\t\t\t\t\t<h5 class=\"elementor-heading-title elementor-size-default\">Visione: Essere il marchio leader nelle extension per capelli in Italia, riconosciuto per qualit\u00e0, innovazione e impegno verso la bellezza e il benessere dei nostri clienti. Vogliamo trasformare l\u2019industria dei capelli con prodotti esclusivi che valorizzano fiducia e individualit\u00e0.<\/h5>\t\t\t\t<\/div>\n\t\t\t\t<\/div>\n\t\t<div class=\"elementor-element elementor-element-eead996 e-con-full e-flex e-con e-child\" data-id=\"eead996\" data-element_type=\"container\" data-e-type=\"container\">\n\t\t\t\t<div class=\"elementor-element elementor-element-79fd198 elementor-widget elementor-widget-text-editor\" data-id=\"79fd198\" data-element_type=\"widget\" data-e-type=\"widget\" data-widget_type=\"text-editor.default\">\n\t\t\t\t\t\t\t\t\t<p data-pm-slice=\"1 1 []\"><strong data-start=\"2297\" data-end=\"2310\">Missione:<\/strong> Dare potere ai nostri clienti tramite prodotti di alta qualit\u00e0, offrendo un\u2019ampia gamma di extension, parrucche e prodotti per la cura dei capelli. Ci impegniamo a fornire un servizio eccezionale, garantendo un\u2019esperienza di acquisto soddisfacente e personalizzata.<\/p><p data-start=\"2578\" data-end=\"2600\"><strong data-start=\"2578\" data-end=\"2598\">I Nostri Valori:<\/strong><\/p><ul data-start=\"2601\" data-end=\"3142\"><li data-start=\"2601\" data-end=\"2676\"><p data-start=\"2603\" data-end=\"2676\"><strong data-start=\"2603\" data-end=\"2615\">Qualit\u00e0:<\/strong> Garantiamo che ogni prodotto soddisfi i pi\u00f9 alti standard.<\/p><\/li><li data-start=\"2677\" data-end=\"2762\"><p data-start=\"2679\" data-end=\"2762\"><strong data-start=\"2679\" data-end=\"2691\">Impegno:<\/strong> Mettiamo la soddisfazione del cliente al centro di ogni interazione.<\/p><\/li><li data-start=\"2763\" data-end=\"2853\"><p data-start=\"2765\" data-end=\"2853\"><strong data-start=\"2765\" data-end=\"2781\">Innovazione:<\/strong> Cerchiamo costantemente nuovi modi per migliorare prodotti e servizi.<\/p><\/li><li data-start=\"2854\" data-end=\"2929\"><p data-start=\"2856\" data-end=\"2929\"><strong data-start=\"2856\" data-end=\"2868\">Fiducia:<\/strong> Offriamo trasparenza e onest\u00e0 in ogni vendita e consiglio.<\/p><\/li><li data-start=\"2930\" data-end=\"3020\"><p data-start=\"2932\" data-end=\"3020\"><strong data-start=\"2932\" data-end=\"2945\">Passione:<\/strong> Amiamo quello che facciamo e vogliamo condividerlo con i nostri clienti.<\/p><\/li><li data-start=\"3021\" data-end=\"3142\"><p data-start=\"3023\" data-end=\"3142\"><strong data-start=\"3023\" data-end=\"3046\">Assistenza Clienti:<\/strong> Ascoltiamo i nostri clienti e forniamo supporto personalizzato per soddisfare le loro esigenze.<\/p><\/li><\/ul>\t\t\t\t\t\t\t\t<\/div>\n\t\t\t\t<\/div>\n\t\t\t\t\t<\/div>\n\t\t\t\t<\/div>\n\t\t<div class=\"elementor-element elementor-element-2f1be4e e-flex e-con-boxed e-con e-parent\" data-id=\"2f1be4e\" data-element_type=\"container\" data-e-type=\"container\" data-settings=\"{&quot;background_background&quot;:&quot;classic&quot;}\">\n\t\t\t\t\t<div class=\"e-con-inner\">\n\t\t<div class=\"elementor-element elementor-element-98d7d19 e-con-full e-flex e-con e-child\" data-id=\"98d7d19\" data-element_type=\"container\" data-e-type=\"container\">\n\t\t\t\t<div class=\"elementor-element elementor-element-0cbc977 elementor-widget elementor-widget-heading\" data-id=\"0cbc977\" data-element_type=\"widget\" data-e-type=\"widget\" data-widget_type=\"heading.default\">\n\t\t\t\t\t<h6 class=\"elementor-heading-title elementor-size-default\">Esplora<\/h6>\t\t\t\t<\/div>\n\t\t\t\t<div class=\"elementor-element elementor-element-2915af7 elementor-widget elementor-widget-image-box\" data-id=\"2915af7\" data-element_type=\"widget\" data-e-type=\"widget\" data-widget_type=\"image-box.default\">\n\t\t\t\t\t<div class=\"elementor-image-box-wrapper\"><div class=\"elementor-image-box-content\"><h2 class=\"elementor-image-box-title\">Perch\u00e9 Acquistare nel Nostro Negozio Virtuale e Fisico?<\/h2><p class=\"elementor-image-box-description\">Prodotti di Qualit\u00e0 Premium: Il 90% delle nostre extension proviene direttamente dall\u2019India, garantendo lusso, durata e un aspetto naturale.\n\nAmpia Selezione: Offriamo una vasta gamma di extension, parrucche e prodotti per la cura dei capelli per ogni stile e preferenza.\n\nPrezzi Competitivi: Offriamo prodotti di alta qualit\u00e0 ai migliori prezzi, rendendo la bellezza accessibile a tutti.\n\nServizio Clienti Eccezionale: Il nostro team dedicato offre consigli esperti, raccomandazioni personalizzate e resi senza problemi.\n\nSpedizione Veloce e Affidabile: Oltre il 90% dei nostri prodotti \u00e8 pronto per la spedizione, assicurando consegne rapide in tutta Italia e oltre.\n\nEsperienza di Acquisto Sicura: Sia online che in negozio, garantiamo un processo di acquisto sicuro e senza intoppi.\n\nUnisciti alla nostra comunit\u00e0 di appassionati di bellezza, dove qualit\u00e0 e soddisfazione del cliente non sono solo priorit\u00e0, ma la nostra vera passione.<\/p><\/div><\/div>\t\t\t\t<\/div>\n\t\t\t\t<div class=\"elementor-element elementor-element-d75bf1e elementor-widget elementor-widget-button\" data-id=\"d75bf1e\" data-element_type=\"widget\" data-e-type=\"widget\" data-widget_type=\"button.default\">\n\t\t\t\t\t\t\t\t\t\t<a class=\"elementor-button elementor-button-link elementor-size-sm\" href=\"https:\/\/floxyhairplus.it\/\">\n\t\t\t\t\t\t<span class=\"elementor-button-content-wrapper\">\n\t\t\t\t\t\t\t\t\t<span class=\"elementor-button-text\">Acquista Ora<\/span>\n\t\t\t\t\t<\/span>\n\t\t\t\t\t<\/a>\n\t\t\t\t\t\t\t\t<\/div>\n\t\t\t\t<\/div>\n\t\t\t\t\t<\/div>\n\t\t\t\t<\/div>\n\t\t\t\t<\/div>","protected":false},"excerpt":{"rendered":"<p>Chi Siamo Dalla Visione alla Moda: La Nascita di FloxyHairPlus La nostra storia Il nostro viaggio \u00e8 iniziato con una [&hellip;]<\/p>","protected":false},"author":1,"featured_media":0,"parent":0,"menu_order":3,"comment_status":"closed","ping_status":"closed","template":"","meta":{"_acf_changed":false,"_uag_custom_page_level_css":"","site-sidebar-layout":"no-sidebar","site-content-layout":"","ast-site-content-layout":"full-width-container","site-content-style":"default","site-sidebar-style":"default","ast-global-header-display":"","ast-banner-title-visibility":"","ast-main-header-display":"","ast-hfb-above-header-display":"","ast-hfb-below-header-display":"","ast-hfb-mobile-header-display":"","site-post-title":"disabled","ast-breadcrumbs-content":"","ast-featured-img":"disabled","footer-sml-layout":"","ast-disable-related-posts":"","theme-transparent-header-meta":"enabled","adv-header-id-meta":"","stick-header-meta":"","header-above-stick-meta":"","header-main-stick-meta":"","header-below-stick-meta":"","astra-migrate-meta-layouts":"default","ast-page-background-enabled":"default","ast-page-background-meta":{"desktop":{"background-color":"var(--ast-global-color-4)","background-image":"","background-repeat":"repeat","background-position":"center center","background-size":"auto","background-attachment":"scroll","background-type":"","background-media":"","overlay-type":"","overlay-color":"","overlay-opacity":"","overlay-gradient":""},"tablet":{"background-color":"","background-image":"","background-repeat":"repeat","background-position":"center center","background-size":"auto","background-attachment":"scroll","background-type":"","background-media":"","overlay-type":"","overlay-color":"","overlay-opacity":"","overlay-gradient":""},"mobile":{"background-color":"","background-image":"","background-repeat":"repeat","background-position":"center center","background-size":"auto","background-attachment":"scroll","background-type":"","background-media":"","overlay-type":"","overlay-color":"","overlay-opacity":"","overlay-gradient":""}},"ast-content-background-meta":{"desktop":{"background-color":"var(--ast-global-color-5)","background-image":"","background-repeat":"repeat","background-position":"center center","background-size":"auto","background-attachment":"scroll","background-type":"","background-media":"","overlay-type":"","overlay-color":"","overlay-opacity":"","overlay-gradient":""},"tablet":{"background-color":"var(--ast-global-color-5)","background-image":"","background-repeat":"repeat","background-position":"center center","background-size":"auto","background-attachment":"scroll","background-type":"","background-media":"","overlay-type":"","overlay-color":"","overlay-opacity":"","overlay-gradient":""},"mobile":{"background-color":"var(--ast-global-color-5)","background-image":"","background-repeat":"repeat","background-position":"center center","background-size":"auto","background-attachment":"scroll","background-type":"","background-media":"","overlay-type":"","overlay-color":"","overlay-opacity":"","overlay-gradient":""}},"footnotes":""},"class_list":["post-42593","page","type-page","status-publish","hentry"],"acf":[],"yoast_head":"<!-- This site is optimized with the Yoast SEO plugin v27.4 - https:\/\/yoast.com\/product\/yoast-seo-wordpress\/ -->\n<title>Chi Siamo - Floxy Hair Plus<\/title>\n<meta name=\"robots\" content=\"index, follow, max-snippet:-1, max-image-preview:large, max-video-preview:-1\" \/>\n<link rel=\"canonical\" href=\"https:\/\/floxyhairplus.it\/en\/elementor-42593\/\" \/>\n<meta property=\"og:locale\" content=\"en_US\" \/>\n<meta property=\"og:type\" content=\"article\" \/>\n<meta property=\"og:title\" content=\"Chi Siamo - Floxy Hair Plus\" \/>\n<meta property=\"og:description\" content=\"Chi Siamo Dalla Visione alla Moda: La Nascita di FloxyHairPlus La nostra storia Il nostro viaggio \u00e8 iniziato con una [&hellip;]\" \/>\n<meta property=\"og:url\" content=\"https:\/\/floxyhairplus.it\/en\/elementor-42593\/\" \/>\n<meta property=\"og:site_name\" content=\"Floxy Hair Plus\" \/>\n<meta property=\"article:modified_time\" content=\"2025-07-04T10:22:56+00:00\" \/>\n<meta name=\"twitter:card\" content=\"summary_large_image\" \/>\n<meta name=\"twitter:label1\" content=\"Est. reading time\" \/>\n\t<meta name=\"twitter:data1\" content=\"3 minutes\" \/>\n<script type=\"application\/ld+json\" class=\"yoast-schema-graph\">{\"@context\":\"https:\\\/\\\/schema.org\",\"@graph\":[{\"@type\":\"WebPage\",\"@id\":\"https:\\\/\\\/floxyhairplus.it\\\/elementor-42593\\\/\",\"url\":\"https:\\\/\\\/floxyhairplus.it\\\/elementor-42593\\\/\",\"name\":\"Chi Siamo - Floxy Hair Plus\",\"isPartOf\":{\"@id\":\"https:\\\/\\\/floxyhairplus.it\\\/#website\"},\"datePublished\":\"2025-02-28T14:46:14+00:00\",\"dateModified\":\"2025-07-04T10:22:56+00:00\",\"breadcrumb\":{\"@id\":\"https:\\\/\\\/floxyhairplus.it\\\/elementor-42593\\\/#breadcrumb\"},\"inLanguage\":\"en-US\",\"potentialAction\":[{\"@type\":\"ReadAction\",\"target\":[\"https:\\\/\\\/floxyhairplus.it\\\/elementor-42593\\\/\"]}]},{\"@type\":\"BreadcrumbList\",\"@id\":\"https:\\\/\\\/floxyhairplus.it\\\/elementor-42593\\\/#breadcrumb\",\"itemListElement\":[{\"@type\":\"ListItem\",\"position\":1,\"name\":\"Home\",\"item\":\"https:\\\/\\\/floxyhairplus.it\\\/\"},{\"@type\":\"ListItem\",\"position\":2,\"name\":\"Chi Siamo\"}]},{\"@type\":\"WebSite\",\"@id\":\"https:\\\/\\\/floxyhairplus.it\\\/#website\",\"url\":\"https:\\\/\\\/floxyhairplus.it\\\/\",\"name\":\"Floxy Hair Plus\",\"description\":\"Elevate Your Style, Embrace Your Elegance\",\"publisher\":{\"@id\":\"https:\\\/\\\/floxyhairplus.it\\\/#organization\"},\"potentialAction\":[{\"@type\":\"SearchAction\",\"target\":{\"@type\":\"EntryPoint\",\"urlTemplate\":\"https:\\\/\\\/floxyhairplus.it\\\/?s={search_term_string}\"},\"query-input\":{\"@type\":\"PropertyValueSpecification\",\"valueRequired\":true,\"valueName\":\"search_term_string\"}}],\"inLanguage\":\"en-US\"},{\"@type\":\"Organization\",\"@id\":\"https:\\\/\\\/floxyhairplus.it\\\/#organization\",\"name\":\"Floxy Hair Plus\",\"url\":\"https:\\\/\\\/floxyhairplus.it\\\/\",\"logo\":{\"@type\":\"ImageObject\",\"inLanguage\":\"en-US\",\"@id\":\"https:\\\/\\\/floxyhairplus.it\\\/#\\\/schema\\\/logo\\\/image\\\/\",\"url\":\"https:\\\/\\\/floxyhairplus.it\\\/wp-content\\\/uploads\\\/2025\\\/07\\\/logo_fhp1-scaled.webp\",\"contentUrl\":\"https:\\\/\\\/floxyhairplus.it\\\/wp-content\\\/uploads\\\/2025\\\/07\\\/logo_fhp1-scaled.webp\",\"width\":2560,\"height\":1923,\"caption\":\"Floxy Hair Plus\"},\"image\":{\"@id\":\"https:\\\/\\\/floxyhairplus.it\\\/#\\\/schema\\\/logo\\\/image\\\/\"}}]}<\/script>\n<!-- \/ Yoast SEO plugin. -->","yoast_head_json":{"title":"Chi Siamo - Floxy Hair Plus","robots":{"index":"index","follow":"follow","max-snippet":"max-snippet:-1","max-image-preview":"max-image-preview:large","max-video-preview":"max-video-preview:-1"},"canonical":"https:\/\/floxyhairplus.it\/en\/elementor-42593\/","og_locale":"en_US","og_type":"article","og_title":"Chi Siamo - Floxy Hair Plus","og_description":"Chi Siamo Dalla Visione alla Moda: La Nascita di FloxyHairPlus La nostra storia Il nostro viaggio \u00e8 iniziato con una [&hellip;]","og_url":"https:\/\/floxyhairplus.it\/en\/elementor-42593\/","og_site_name":"Floxy Hair Plus","article_modified_time":"2025-07-04T10:22:56+00:00","twitter_card":"summary_large_image","twitter_misc":{"Est. reading time":"3 minutes"},"schema":{"@context":"https:\/\/schema.org","@graph":[{"@type":"WebPage","@id":"https:\/\/floxyhairplus.it\/elementor-42593\/","url":"https:\/\/floxyhairplus.it\/elementor-42593\/","name":"Chi Siamo - Floxy Hair Plus","isPartOf":{"@id":"https:\/\/floxyhairplus.it\/#website"},"datePublished":"2025-02-28T14:46:14+00:00","dateModified":"2025-07-04T10:22:56+00:00","breadcrumb":{"@id":"https:\/\/floxyhairplus.it\/elementor-42593\/#breadcrumb"},"inLanguage":"en-US","potentialAction":[{"@type":"ReadAction","target":["https:\/\/floxyhairplus.it\/elementor-42593\/"]}]},{"@type":"BreadcrumbList","@id":"https:\/\/floxyhairplus.it\/elementor-42593\/#breadcrumb","itemListElement":[{"@type":"ListItem","position":1,"name":"Home","item":"https:\/\/floxyhairplus.it\/"},{"@type":"ListItem","position":2,"name":"Chi Siamo"}]},{"@type":"WebSite","@id":"https:\/\/floxyhairplus.it\/#website","url":"https:\/\/floxyhairplus.it\/","name":"Floxy Hair Plus","description":"Elevate Your Style, Embrace Your Elegance","publisher":{"@id":"https:\/\/floxyhairplus.it\/#organization"},"potentialAction":[{"@type":"SearchAction","target":{"@type":"EntryPoint","urlTemplate":"https:\/\/floxyhairplus.it\/?s={search_term_string}"},"query-input":{"@type":"PropertyValueSpecification","valueRequired":true,"valueName":"search_term_string"}}],"inLanguage":"en-US"},{"@type":"Organization","@id":"https:\/\/floxyhairplus.it\/#organization","name":"Floxy Hair Plus","url":"https:\/\/floxyhairplus.it\/","logo":{"@type":"ImageObject","inLanguage":"en-US","@id":"https:\/\/floxyhairplus.it\/#\/schema\/logo\/image\/","url":"https:\/\/floxyhairplus.it\/wp-content\/uploads\/2025\/07\/logo_fhp1-scaled.webp","contentUrl":"https:\/\/floxyhairplus.it\/wp-content\/uploads\/2025\/07\/logo_fhp1-scaled.webp","width":2560,"height":1923,"caption":"Floxy Hair Plus"},"image":{"@id":"https:\/\/floxyhairplus.it\/#\/schema\/logo\/image\/"}}]}},"uagb_featured_image_src":{"full":false,"thumbnail":false,"medium":false,"medium_large":false,"large":false,"1536x1536":false,"2048x2048":false,"trp-custom-language-flag":false,"woocommerce_thumbnail":false,"woocommerce_single":false,"woocommerce_gallery_thumbnail":false,"variation_swatches_image_size":false,"variation_swatches_tooltip_size":false},"uagb_author_info":{"display_name":"vita","author_link":"https:\/\/floxyhairplus.it\/en\/author\/vita\/"},"uagb_comment_info":0,"uagb_excerpt":"Chi Siamo Dalla Visione alla Moda: La Nascita di FloxyHairPlus La nostra storia Il nostro viaggio \u00e8 iniziato con una [&hellip;]","_links":{"self":[{"href":"https:\/\/floxyhairplus.it\/en\/wp-json\/wp\/v2\/pages\/42593","targetHints":{"allow":["GET"]}}],"collection":[{"href":"https:\/\/floxyhairplus.it\/en\/wp-json\/wp\/v2\/pages"}],"about":[{"href":"https:\/\/floxyhairplus.it\/en\/wp-json\/wp\/v2\/types\/page"}],"author":[{"embeddable":true,"href":"https:\/\/floxyhairplus.it\/en\/wp-json\/wp\/v2\/users\/1"}],"replies":[{"embeddable":true,"href":"https:\/\/floxyhairplus.it\/en\/wp-json\/wp\/v2\/comments?post=42593"}],"version-history":[{"count":0,"href":"https:\/\/floxyhairplus.it\/en\/wp-json\/wp\/v2\/pages\/42593\/revisions"}],"wp:attachment":[{"href":"https:\/\/floxyhairplus.it\/en\/wp-json\/wp\/v2\/media?parent=42593"}],"curies":[{"name":"wp","href":"https:\/\/api.w.org\/{rel}","templated":true}]}}