{"id":37294,"date":"2026-01-27T20:37:15","date_gmt":"2026-01-27T20:37:15","guid":{"rendered":"https:\/\/floxyhairplus.it\/?post_type=product&#038;p=37294"},"modified":"2026-01-27T21:15:58","modified_gmt":"2026-01-27T21:15:58","slug":"fhp-parrucca-lace-frontal-136","status":"publish","type":"product","link":"https:\/\/floxyhairplus.it\/en\/product\/fhp-parrucca-lace-frontal-136\/","title":{"rendered":"Parrucca Lace Frontal FHP 13\u00d76 \u2013 Deep Wave"},"content":{"rendered":"<p>La parrucca Deep Wave mostrata nella foto \u00e8 realizzata in capelli Virgin Remy grezzi, pesa 200 g e misura 22&#8243; (55 cm), con una lace frontal da 13&#8243; \u00d7 4&#8243; (33 cm \u00d7 10 cm) nel colore virgin naturale.<\/p>\n<p>Puoi completare il tuo look unico selezionando la lunghezza e il colore preferiti dal menu a tendina.<\/p>\n<p>Tutte le nostre parrucche sono realizzate su misura per garantire un aspetto naturale e una lunga durata.<br \/>\nOgni parrucca \u00e8 dotata di una fascia elastica, pettinini o clip e cinghiette regolabili originali per una maggiore sicurezza.<\/p>\n<p>Questa splendida parrucca riccia Deep Wave pu\u00f2 essere lavata e asciugata con il phon.<br \/>\nTi preghiamo di indicare eventuali richieste speciali nella sezione \u201cinformazioni aggiuntive\u201d al momento del checkout.<\/p>\n<p>Si prega di considerare fino a 7 giorni per la preparazione della parrucca personalizzata.<\/p>","protected":false},"excerpt":{"rendered":"<p>La parrucca Deep Wave mostrata nella foto \u00e8 realizzata in capelli Virgin Remy grezzi, pesa 200 g e misura 22&#8243; [&hellip;]<\/p>","protected":false},"featured_media":37295,"comment_status":"closed","ping_status":"closed","template":"","meta":{"_acf_changed":false,"_uag_custom_page_level_css":"","site-sidebar-layout":"default","site-content-layout":"","ast-site-content-layout":"default","site-content-style":"default","site-sidebar-style":"default","ast-global-header-display":"","ast-banner-title-visibility":"","ast-main-header-display":"","ast-hfb-above-header-display":"","ast-hfb-below-header-display":"","ast-hfb-mobile-header-display":"","site-post-title":"","ast-breadcrumbs-content":"","ast-featured-img":"","footer-sml-layout":"","theme-transparent-header-meta":"default","adv-header-id-meta":"","stick-header-meta":"","header-above-stick-meta":"","header-main-stick-meta":"","header-below-stick-meta":"","astra-migrate-meta-layouts":"set","ast-page-background-enabled":"default","ast-page-background-meta":{"desktop":{"background-color":"var(--ast-global-color-4)","background-image":"","background-repeat":"repeat","background-position":"center center","background-size":"auto","background-attachment":"scroll","background-type":"","background-media":"","overlay-type":"","overlay-color":"","overlay-opacity":"","overlay-gradient":""},"tablet":{"background-color":"","background-image":"","background-repeat":"repeat","background-position":"center center","background-size":"auto","background-attachment":"scroll","background-type":"","background-media":"","overlay-type":"","overlay-color":"","overlay-opacity":"","overlay-gradient":""},"mobile":{"background-color":"","background-image":"","background-repeat":"repeat","background-position":"center center","background-size":"auto","background-attachment":"scroll","background-type":"","background-media":"","overlay-type":"","overlay-color":"","overlay-opacity":"","overlay-gradient":""}},"ast-content-background-meta":{"desktop":{"background-color":"var(--ast-global-color-5)","background-image":"","background-repeat":"repeat","background-position":"center center","background-size":"auto","background-attachment":"scroll","background-type":"","background-media":"","overlay-type":"","overlay-color":"","overlay-opacity":"","overlay-gradient":""},"tablet":{"background-color":"var(--ast-global-color-5)","background-image":"","background-repeat":"repeat","background-position":"center center","background-size":"auto","background-attachment":"scroll","background-type":"","background-media":"","overlay-type":"","overlay-color":"","overlay-opacity":"","overlay-gradient":""},"mobile":{"background-color":"var(--ast-global-color-5)","background-image":"","background-repeat":"repeat","background-position":"center center","background-size":"auto","background-attachment":"scroll","background-type":"","background-media":"","overlay-type":"","overlay-color":"","overlay-opacity":"","overlay-gradient":""}}},"product_brand":[],"product_cat":[96,101,69,106,345,77,99],"product_tag":[],"class_list":{"0":"post-37294","1":"product","2":"type-product","3":"status-publish","4":"has-post-thumbnail","6":"product_cat-curly-shop-by-hair-texture","7":"product_cat-lace-frontal-134-o-136","8":"product_cat-custom-wigs","9":"product_cat-parrucca-lace-closure-66","10":"product_cat-parrucca-lace-frontal","11":"product_cat-parrucche-personalizzate","12":"product_cat-wigs","13":"desktop-align-center","14":"tablet-align-center","15":"mobile-align-center","16":"tm-no-options","18":"first","19":"instock","20":"taxable","21":"shipping-taxable","22":"purchasable","23":"product-type-variable"},"acf":[],"yoast_head":"<!-- This site is optimized with the Yoast SEO plugin v26.3 - https:\/\/yoast.com\/wordpress\/plugins\/seo\/ -->\n<title>Parrucca Lace Frontal FHP 13\u00d76 \u2013 Deep Wave - Floxy Hair Plus<\/title>\n<meta name=\"robots\" content=\"index, follow, max-snippet:-1, max-image-preview:large, max-video-preview:-1\" \/>\n<link rel=\"canonical\" href=\"https:\/\/floxyhairplus.it\/en\/product\/fhp-parrucca-lace-frontal-136\/\" \/>\n<meta property=\"og:locale\" content=\"en_US\" \/>\n<meta property=\"og:type\" content=\"article\" \/>\n<meta property=\"og:title\" content=\"Parrucca Lace Frontal FHP 13\u00d76 \u2013 Deep Wave - Floxy Hair Plus\" \/>\n<meta property=\"og:description\" content=\"La parrucca Deep Wave mostrata nella foto \u00e8 realizzata in capelli Virgin Remy grezzi, pesa 200 g e misura 22&#8243; [&hellip;]\" \/>\n<meta property=\"og:url\" content=\"https:\/\/floxyhairplus.it\/en\/product\/fhp-parrucca-lace-frontal-136\/\" \/>\n<meta property=\"og:site_name\" content=\"Floxy Hair Plus\" \/>\n<meta property=\"article:modified_time\" content=\"2026-01-27T21:15:58+00:00\" \/>\n<meta property=\"og:image\" content=\"https:\/\/floxyhairplus.it\/wp-content\/uploads\/2025\/03\/1B16EF41-1907-41C9-B878-52FC636BCCB9.jpeg\" \/>\n\t<meta property=\"og:image:width\" content=\"800\" \/>\n\t<meta property=\"og:image:height\" content=\"1067\" \/>\n\t<meta property=\"og:image:type\" content=\"image\/jpeg\" \/>\n<meta name=\"twitter:card\" content=\"summary_large_image\" \/>\n<meta name=\"twitter:label1\" content=\"Est. reading time\" \/>\n\t<meta name=\"twitter:data1\" content=\"1 minute\" \/>\n<script type=\"application\/ld+json\" class=\"yoast-schema-graph\">{\"@context\":\"https:\/\/schema.org\",\"@graph\":[{\"@type\":\"WebPage\",\"@id\":\"https:\/\/floxyhairplus.it\/product\/fhp-parrucca-lace-frontal-136\/\",\"url\":\"https:\/\/floxyhairplus.it\/product\/fhp-parrucca-lace-frontal-136\/\",\"name\":\"Parrucca Lace Frontal FHP 13\u00d76 \u2013 Deep Wave - Floxy Hair Plus\",\"isPartOf\":{\"@id\":\"https:\/\/floxyhairplus.it\/#website\"},\"primaryImageOfPage\":{\"@id\":\"https:\/\/floxyhairplus.it\/product\/fhp-parrucca-lace-frontal-136\/#primaryimage\"},\"image\":{\"@id\":\"https:\/\/floxyhairplus.it\/product\/fhp-parrucca-lace-frontal-136\/#primaryimage\"},\"thumbnailUrl\":\"https:\/\/floxyhairplus.it\/wp-content\/uploads\/2025\/03\/1B16EF41-1907-41C9-B878-52FC636BCCB9.jpeg\",\"datePublished\":\"2026-01-27T20:37:15+00:00\",\"dateModified\":\"2026-01-27T21:15:58+00:00\",\"breadcrumb\":{\"@id\":\"https:\/\/floxyhairplus.it\/product\/fhp-parrucca-lace-frontal-136\/#breadcrumb\"},\"inLanguage\":\"en-US\",\"potentialAction\":[{\"@type\":\"ReadAction\",\"target\":[\"https:\/\/floxyhairplus.it\/product\/fhp-parrucca-lace-frontal-136\/\"]}]},{\"@type\":\"ImageObject\",\"inLanguage\":\"en-US\",\"@id\":\"https:\/\/floxyhairplus.it\/product\/fhp-parrucca-lace-frontal-136\/#primaryimage\",\"url\":\"https:\/\/floxyhairplus.it\/wp-content\/uploads\/2025\/03\/1B16EF41-1907-41C9-B878-52FC636BCCB9.jpeg\",\"contentUrl\":\"https:\/\/floxyhairplus.it\/wp-content\/uploads\/2025\/03\/1B16EF41-1907-41C9-B878-52FC636BCCB9.jpeg\",\"width\":800,\"height\":1067},{\"@type\":\"BreadcrumbList\",\"@id\":\"https:\/\/floxyhairplus.it\/product\/fhp-parrucca-lace-frontal-136\/#breadcrumb\",\"itemListElement\":[{\"@type\":\"ListItem\",\"position\":1,\"name\":\"Home\",\"item\":\"https:\/\/floxyhairplus.it\/\"},{\"@type\":\"ListItem\",\"position\":2,\"name\":\"Shop\",\"item\":\"https:\/\/floxyhairplus.it\/en\/shop\/\"},{\"@type\":\"ListItem\",\"position\":3,\"name\":\"Parrucca Lace Frontal FHP 13\u00d76 \u2013 Deep Wave\"}]},{\"@type\":\"WebSite\",\"@id\":\"https:\/\/floxyhairplus.it\/#website\",\"url\":\"https:\/\/floxyhairplus.it\/\",\"name\":\"Floxy Hair Plus\",\"description\":\"Elevate Your Style, Embrace Your Elegance\",\"publisher\":{\"@id\":\"https:\/\/floxyhairplus.it\/#organization\"},\"potentialAction\":[{\"@type\":\"SearchAction\",\"target\":{\"@type\":\"EntryPoint\",\"urlTemplate\":\"https:\/\/floxyhairplus.it\/?s={search_term_string}\"},\"query-input\":{\"@type\":\"PropertyValueSpecification\",\"valueRequired\":true,\"valueName\":\"search_term_string\"}}],\"inLanguage\":\"en-US\"},{\"@type\":\"Organization\",\"@id\":\"https:\/\/floxyhairplus.it\/#organization\",\"name\":\"Floxy Hair Plus\",\"url\":\"https:\/\/floxyhairplus.it\/\",\"logo\":{\"@type\":\"ImageObject\",\"inLanguage\":\"en-US\",\"@id\":\"https:\/\/floxyhairplus.it\/#\/schema\/logo\/image\/\",\"url\":\"https:\/\/floxyhairplus.it\/wp-content\/uploads\/2025\/07\/logo_fhp1-scaled.webp\",\"contentUrl\":\"https:\/\/floxyhairplus.it\/wp-content\/uploads\/2025\/07\/logo_fhp1-scaled.webp\",\"width\":2560,\"height\":1923,\"caption\":\"Floxy Hair Plus\"},\"image\":{\"@id\":\"https:\/\/floxyhairplus.it\/#\/schema\/logo\/image\/\"}}]}<\/script>\n<!-- \/ Yoast SEO plugin. -->","yoast_head_json":{"title":"Parrucca Lace Frontal FHP 13\u00d76 \u2013 Deep Wave - Floxy Hair Plus","robots":{"index":"index","follow":"follow","max-snippet":"max-snippet:-1","max-image-preview":"max-image-preview:large","max-video-preview":"max-video-preview:-1"},"canonical":"https:\/\/floxyhairplus.it\/en\/product\/fhp-parrucca-lace-frontal-136\/","og_locale":"en_US","og_type":"article","og_title":"Parrucca Lace Frontal FHP 13\u00d76 \u2013 Deep Wave - Floxy Hair Plus","og_description":"La parrucca Deep Wave mostrata nella foto \u00e8 realizzata in capelli Virgin Remy grezzi, pesa 200 g e misura 22&#8243; [&hellip;]","og_url":"https:\/\/floxyhairplus.it\/en\/product\/fhp-parrucca-lace-frontal-136\/","og_site_name":"Floxy Hair Plus","article_modified_time":"2026-01-27T21:15:58+00:00","og_image":[{"width":800,"height":1067,"url":"https:\/\/floxyhairplus.it\/wp-content\/uploads\/2025\/03\/1B16EF41-1907-41C9-B878-52FC636BCCB9.jpeg","type":"image\/jpeg"}],"twitter_card":"summary_large_image","twitter_misc":{"Est. reading time":"1 minute"},"schema":{"@context":"https:\/\/schema.org","@graph":[{"@type":"WebPage","@id":"https:\/\/floxyhairplus.it\/product\/fhp-parrucca-lace-frontal-136\/","url":"https:\/\/floxyhairplus.it\/product\/fhp-parrucca-lace-frontal-136\/","name":"Parrucca Lace Frontal FHP 13\u00d76 \u2013 Deep Wave - Floxy Hair Plus","isPartOf":{"@id":"https:\/\/floxyhairplus.it\/#website"},"primaryImageOfPage":{"@id":"https:\/\/floxyhairplus.it\/product\/fhp-parrucca-lace-frontal-136\/#primaryimage"},"image":{"@id":"https:\/\/floxyhairplus.it\/product\/fhp-parrucca-lace-frontal-136\/#primaryimage"},"thumbnailUrl":"https:\/\/floxyhairplus.it\/wp-content\/uploads\/2025\/03\/1B16EF41-1907-41C9-B878-52FC636BCCB9.jpeg","datePublished":"2026-01-27T20:37:15+00:00","dateModified":"2026-01-27T21:15:58+00:00","breadcrumb":{"@id":"https:\/\/floxyhairplus.it\/product\/fhp-parrucca-lace-frontal-136\/#breadcrumb"},"inLanguage":"en-US","potentialAction":[{"@type":"ReadAction","target":["https:\/\/floxyhairplus.it\/product\/fhp-parrucca-lace-frontal-136\/"]}]},{"@type":"ImageObject","inLanguage":"en-US","@id":"https:\/\/floxyhairplus.it\/product\/fhp-parrucca-lace-frontal-136\/#primaryimage","url":"https:\/\/floxyhairplus.it\/wp-content\/uploads\/2025\/03\/1B16EF41-1907-41C9-B878-52FC636BCCB9.jpeg","contentUrl":"https:\/\/floxyhairplus.it\/wp-content\/uploads\/2025\/03\/1B16EF41-1907-41C9-B878-52FC636BCCB9.jpeg","width":800,"height":1067},{"@type":"BreadcrumbList","@id":"https:\/\/floxyhairplus.it\/product\/fhp-parrucca-lace-frontal-136\/#breadcrumb","itemListElement":[{"@type":"ListItem","position":1,"name":"Home","item":"https:\/\/floxyhairplus.it\/"},{"@type":"ListItem","position":2,"name":"Shop","item":"https:\/\/floxyhairplus.it\/en\/shop\/"},{"@type":"ListItem","position":3,"name":"Parrucca Lace Frontal FHP 13\u00d76 \u2013 Deep Wave"}]},{"@type":"WebSite","@id":"https:\/\/floxyhairplus.it\/#website","url":"https:\/\/floxyhairplus.it\/","name":"Floxy Hair Plus","description":"Elevate Your Style, Embrace Your Elegance","publisher":{"@id":"https:\/\/floxyhairplus.it\/#organization"},"potentialAction":[{"@type":"SearchAction","target":{"@type":"EntryPoint","urlTemplate":"https:\/\/floxyhairplus.it\/?s={search_term_string}"},"query-input":{"@type":"PropertyValueSpecification","valueRequired":true,"valueName":"search_term_string"}}],"inLanguage":"en-US"},{"@type":"Organization","@id":"https:\/\/floxyhairplus.it\/#organization","name":"Floxy Hair Plus","url":"https:\/\/floxyhairplus.it\/","logo":{"@type":"ImageObject","inLanguage":"en-US","@id":"https:\/\/floxyhairplus.it\/#\/schema\/logo\/image\/","url":"https:\/\/floxyhairplus.it\/wp-content\/uploads\/2025\/07\/logo_fhp1-scaled.webp","contentUrl":"https:\/\/floxyhairplus.it\/wp-content\/uploads\/2025\/07\/logo_fhp1-scaled.webp","width":2560,"height":1923,"caption":"Floxy Hair Plus"},"image":{"@id":"https:\/\/floxyhairplus.it\/#\/schema\/logo\/image\/"}}]}},"uagb_featured_image_src":{"full":["https:\/\/floxyhairplus.it\/wp-content\/uploads\/2025\/03\/1B16EF41-1907-41C9-B878-52FC636BCCB9.jpeg",800,1067,false],"thumbnail":["https:\/\/floxyhairplus.it\/wp-content\/uploads\/2025\/03\/1B16EF41-1907-41C9-B878-52FC636BCCB9-150x150.jpeg",150,150,true],"medium":["https:\/\/floxyhairplus.it\/wp-content\/uploads\/2025\/03\/1B16EF41-1907-41C9-B878-52FC636BCCB9-225x300.jpeg",225,300,true],"medium_large":["https:\/\/floxyhairplus.it\/wp-content\/uploads\/2025\/03\/1B16EF41-1907-41C9-B878-52FC636BCCB9-768x1024.jpeg",768,1024,true],"large":["https:\/\/floxyhairplus.it\/wp-content\/uploads\/2025\/03\/1B16EF41-1907-41C9-B878-52FC636BCCB9-768x1024.jpeg",768,1024,true],"1536x1536":["https:\/\/floxyhairplus.it\/wp-content\/uploads\/2025\/03\/1B16EF41-1907-41C9-B878-52FC636BCCB9.jpeg",800,1067,false],"2048x2048":["https:\/\/floxyhairplus.it\/wp-content\/uploads\/2025\/03\/1B16EF41-1907-41C9-B878-52FC636BCCB9.jpeg",800,1067,false],"trp-custom-language-flag":["https:\/\/floxyhairplus.it\/wp-content\/uploads\/2025\/03\/1B16EF41-1907-41C9-B878-52FC636BCCB9.jpeg",9,12,false],"woocommerce_thumbnail":["https:\/\/floxyhairplus.it\/wp-content\/uploads\/2025\/03\/1B16EF41-1907-41C9-B878-52FC636BCCB9-300x300.jpeg",300,300,true],"woocommerce_single":["https:\/\/floxyhairplus.it\/wp-content\/uploads\/2025\/03\/1B16EF41-1907-41C9-B878-52FC636BCCB9-600x800.jpeg",600,800,true],"woocommerce_gallery_thumbnail":["https:\/\/floxyhairplus.it\/wp-content\/uploads\/2025\/03\/1B16EF41-1907-41C9-B878-52FC636BCCB9-100x100.jpeg",100,100,true],"variation_swatches_image_size":["https:\/\/floxyhairplus.it\/wp-content\/uploads\/2025\/03\/1B16EF41-1907-41C9-B878-52FC636BCCB9.jpeg",37,50,false],"variation_swatches_tooltip_size":["https:\/\/floxyhairplus.it\/wp-content\/uploads\/2025\/03\/1B16EF41-1907-41C9-B878-52FC636BCCB9.jpeg",75,100,false]},"uagb_author_info":{"display_name":"vita","author_link":"https:\/\/floxyhairplus.it\/en\/author\/"},"uagb_comment_info":0,"uagb_excerpt":"La parrucca Deep Wave mostrata nella foto \u00e8 realizzata in capelli Virgin Remy grezzi, pesa 200 g e misura 22&#8243; [&hellip;]","_links":{"self":[{"href":"https:\/\/floxyhairplus.it\/en\/wp-json\/wp\/v2\/product\/37294","targetHints":{"allow":["GET"]}}],"collection":[{"href":"https:\/\/floxyhairplus.it\/en\/wp-json\/wp\/v2\/product"}],"about":[{"href":"https:\/\/floxyhairplus.it\/en\/wp-json\/wp\/v2\/types\/product"}],"replies":[{"embeddable":true,"href":"https:\/\/floxyhairplus.it\/en\/wp-json\/wp\/v2\/comments?post=37294"}],"wp:featuredmedia":[{"embeddable":true,"href":"https:\/\/floxyhairplus.it\/en\/wp-json\/wp\/v2\/media\/37295"}],"wp:attachment":[{"href":"https:\/\/floxyhairplus.it\/en\/wp-json\/wp\/v2\/media?parent=37294"}],"wp:term":[{"taxonomy":"product_brand","embeddable":true,"href":"https:\/\/floxyhairplus.it\/en\/wp-json\/wp\/v2\/product_brand?post=37294"},{"taxonomy":"product_cat","embeddable":true,"href":"https:\/\/floxyhairplus.it\/en\/wp-json\/wp\/v2\/product_cat?post=37294"},{"taxonomy":"product_tag","embeddable":true,"href":"https:\/\/floxyhairplus.it\/en\/wp-json\/wp\/v2\/product_tag?post=37294"}],"curies":[{"name":"wp","href":"https:\/\/api.w.org\/{rel}","templated":true}]}}