{"id":37953,"date":"2026-01-27T20:37:16","date_gmt":"2026-01-27T20:37:16","guid":{"rendered":"https:\/\/floxyhairplus.it\/?post_type=product&#038;p=37953"},"modified":"2026-01-27T20:37:16","modified_gmt":"2026-01-27T20:37:16","slug":"afro-fring-2","status":"publish","type":"product","link":"https:\/\/floxyhairplus.it\/en\/product\/afro-fring-2\/","title":{"rendered":"Cuffia per parrucca Afro FHP con frangia"},"content":{"rendered":"<p>La parrucca afro riccia mostrata nella foto \u00e8 realizzata in capelli Virgin Remy grezzi, pesa 200 g, misura 14&#8243; (35 cm) ed \u00e8 nel colore virgin naturale, senza closure n\u00e9 frontal.<\/p>\n<p>Puoi completare il tuo look scegliendo la lunghezza e il colore preferiti dalle opzioni a tendina.<\/p>\n<p>Tutte le nostre parrucche sono realizzate su misura per garantire una sensazione naturale e una lunga durata nel tempo.<br \/>\nOgni parrucca \u00e8 dotata di una fascia elastica, pettinini o clip e cinghiette regolabili originali per una maggiore sicurezza.<\/p>\n<p>Questa splendida parrucca afro riccia Virgin Remy pu\u00f2 essere lavata e asciugata con il phon.<\/p>\n<p>Ti preghiamo di indicare eventuali richieste aggiuntive nella sezione \u201cinformazioni aggiuntive\u201d al momento del checkout.<br \/>\nSi prega di considerare fino a 7 giorni per la preparazione della parrucca personalizzata.<\/p>","protected":false},"excerpt":{"rendered":"<p>La parrucca afro riccia mostrata nella foto \u00e8 realizzata in capelli Virgin Remy grezzi, pesa 200 g, misura 14&#8243; (35 [&hellip;]<\/p>","protected":false},"featured_media":37954,"comment_status":"closed","ping_status":"closed","template":"","meta":{"_acf_changed":false,"_uag_custom_page_level_css":"","site-sidebar-layout":"default","site-content-layout":"","ast-site-content-layout":"default","site-content-style":"default","site-sidebar-style":"default","ast-global-header-display":"","ast-banner-title-visibility":"","ast-main-header-display":"","ast-hfb-above-header-display":"","ast-hfb-below-header-display":"","ast-hfb-mobile-header-display":"","site-post-title":"","ast-breadcrumbs-content":"","ast-featured-img":"","footer-sml-layout":"","theme-transparent-header-meta":"default","adv-header-id-meta":"","stick-header-meta":"","header-above-stick-meta":"","header-main-stick-meta":"","header-below-stick-meta":"","astra-migrate-meta-layouts":"set","ast-page-background-enabled":"default","ast-page-background-meta":{"desktop":{"background-color":"var(--ast-global-color-4)","background-image":"","background-repeat":"repeat","background-position":"center center","background-size":"auto","background-attachment":"scroll","background-type":"","background-media":"","overlay-type":"","overlay-color":"","overlay-opacity":"","overlay-gradient":""},"tablet":{"background-color":"","background-image":"","background-repeat":"repeat","background-position":"center center","background-size":"auto","background-attachment":"scroll","background-type":"","background-media":"","overlay-type":"","overlay-color":"","overlay-opacity":"","overlay-gradient":""},"mobile":{"background-color":"","background-image":"","background-repeat":"repeat","background-position":"center center","background-size":"auto","background-attachment":"scroll","background-type":"","background-media":"","overlay-type":"","overlay-color":"","overlay-opacity":"","overlay-gradient":""}},"ast-content-background-meta":{"desktop":{"background-color":"var(--ast-global-color-5)","background-image":"","background-repeat":"repeat","background-position":"center center","background-size":"auto","background-attachment":"scroll","background-type":"","background-media":"","overlay-type":"","overlay-color":"","overlay-opacity":"","overlay-gradient":""},"tablet":{"background-color":"var(--ast-global-color-5)","background-image":"","background-repeat":"repeat","background-position":"center center","background-size":"auto","background-attachment":"scroll","background-type":"","background-media":"","overlay-type":"","overlay-color":"","overlay-opacity":"","overlay-gradient":""},"mobile":{"background-color":"var(--ast-global-color-5)","background-image":"","background-repeat":"repeat","background-position":"center center","background-size":"auto","background-attachment":"scroll","background-type":"","background-media":"","overlay-type":"","overlay-color":"","overlay-opacity":"","overlay-gradient":""}}},"product_brand":[],"product_cat":[96,77,68,99],"product_tag":[],"class_list":{"0":"post-37953","1":"product","2":"type-product","3":"status-publish","4":"has-post-thumbnail","6":"product_cat-curly-shop-by-hair-texture","7":"product_cat-parrucche-personalizzate","8":"product_cat-curly","9":"product_cat-wigs","10":"desktop-align-center","11":"tablet-align-center","12":"mobile-align-center","13":"tm-no-options","15":"first","16":"instock","17":"taxable","18":"shipping-taxable","19":"purchasable","20":"product-type-variable"},"acf":[],"yoast_head":"<!-- This site is optimized with the Yoast SEO plugin v26.3 - https:\/\/yoast.com\/wordpress\/plugins\/seo\/ -->\n<title>Cuffia per parrucca Afro FHP con frangia - Floxy Hair Plus<\/title>\n<meta name=\"robots\" content=\"index, follow, max-snippet:-1, max-image-preview:large, max-video-preview:-1\" \/>\n<link rel=\"canonical\" href=\"https:\/\/floxyhairplus.it\/en\/product\/afro-fring-2\/\" \/>\n<meta property=\"og:locale\" content=\"en_US\" \/>\n<meta property=\"og:type\" content=\"article\" \/>\n<meta property=\"og:title\" content=\"Cuffia per parrucca Afro FHP con frangia - Floxy Hair Plus\" \/>\n<meta property=\"og:description\" content=\"La parrucca afro riccia mostrata nella foto \u00e8 realizzata in capelli Virgin Remy grezzi, pesa 200 g, misura 14&#8243; (35 [&hellip;]\" \/>\n<meta property=\"og:url\" content=\"https:\/\/floxyhairplus.it\/en\/product\/afro-fring-2\/\" \/>\n<meta property=\"og:site_name\" content=\"Floxy Hair Plus\" \/>\n<meta property=\"og:image\" content=\"https:\/\/floxyhairplus.it\/wp-content\/uploads\/2025\/03\/A3E11B72-BC63-4331-A6CB-110FB913270A.jpeg\" \/>\n\t<meta property=\"og:image:width\" content=\"800\" \/>\n\t<meta property=\"og:image:height\" content=\"640\" \/>\n\t<meta property=\"og:image:type\" content=\"image\/jpeg\" \/>\n<meta name=\"twitter:card\" content=\"summary_large_image\" \/>\n<meta name=\"twitter:label1\" content=\"Est. reading time\" \/>\n\t<meta name=\"twitter:data1\" content=\"1 minute\" \/>\n<script type=\"application\/ld+json\" class=\"yoast-schema-graph\">{\"@context\":\"https:\/\/schema.org\",\"@graph\":[{\"@type\":\"WebPage\",\"@id\":\"https:\/\/floxyhairplus.it\/product\/afro-fring-2\/\",\"url\":\"https:\/\/floxyhairplus.it\/product\/afro-fring-2\/\",\"name\":\"Cuffia per parrucca Afro FHP con frangia - Floxy Hair Plus\",\"isPartOf\":{\"@id\":\"https:\/\/floxyhairplus.it\/#website\"},\"primaryImageOfPage\":{\"@id\":\"https:\/\/floxyhairplus.it\/product\/afro-fring-2\/#primaryimage\"},\"image\":{\"@id\":\"https:\/\/floxyhairplus.it\/product\/afro-fring-2\/#primaryimage\"},\"thumbnailUrl\":\"https:\/\/floxyhairplus.it\/wp-content\/uploads\/2025\/03\/A3E11B72-BC63-4331-A6CB-110FB913270A.jpeg\",\"datePublished\":\"2026-01-27T20:37:16+00:00\",\"breadcrumb\":{\"@id\":\"https:\/\/floxyhairplus.it\/product\/afro-fring-2\/#breadcrumb\"},\"inLanguage\":\"en-US\",\"potentialAction\":[{\"@type\":\"ReadAction\",\"target\":[\"https:\/\/floxyhairplus.it\/product\/afro-fring-2\/\"]}]},{\"@type\":\"ImageObject\",\"inLanguage\":\"en-US\",\"@id\":\"https:\/\/floxyhairplus.it\/product\/afro-fring-2\/#primaryimage\",\"url\":\"https:\/\/floxyhairplus.it\/wp-content\/uploads\/2025\/03\/A3E11B72-BC63-4331-A6CB-110FB913270A.jpeg\",\"contentUrl\":\"https:\/\/floxyhairplus.it\/wp-content\/uploads\/2025\/03\/A3E11B72-BC63-4331-A6CB-110FB913270A.jpeg\",\"width\":800,\"height\":640},{\"@type\":\"BreadcrumbList\",\"@id\":\"https:\/\/floxyhairplus.it\/product\/afro-fring-2\/#breadcrumb\",\"itemListElement\":[{\"@type\":\"ListItem\",\"position\":1,\"name\":\"Home\",\"item\":\"https:\/\/floxyhairplus.it\/\"},{\"@type\":\"ListItem\",\"position\":2,\"name\":\"Shop\",\"item\":\"https:\/\/floxyhairplus.it\/en\/shop\/\"},{\"@type\":\"ListItem\",\"position\":3,\"name\":\"Cuffia per parrucca Afro FHP con frangia\"}]},{\"@type\":\"WebSite\",\"@id\":\"https:\/\/floxyhairplus.it\/#website\",\"url\":\"https:\/\/floxyhairplus.it\/\",\"name\":\"Floxy Hair Plus\",\"description\":\"Elevate Your Style, Embrace Your Elegance\",\"publisher\":{\"@id\":\"https:\/\/floxyhairplus.it\/#organization\"},\"potentialAction\":[{\"@type\":\"SearchAction\",\"target\":{\"@type\":\"EntryPoint\",\"urlTemplate\":\"https:\/\/floxyhairplus.it\/?s={search_term_string}\"},\"query-input\":{\"@type\":\"PropertyValueSpecification\",\"valueRequired\":true,\"valueName\":\"search_term_string\"}}],\"inLanguage\":\"en-US\"},{\"@type\":\"Organization\",\"@id\":\"https:\/\/floxyhairplus.it\/#organization\",\"name\":\"Floxy Hair Plus\",\"url\":\"https:\/\/floxyhairplus.it\/\",\"logo\":{\"@type\":\"ImageObject\",\"inLanguage\":\"en-US\",\"@id\":\"https:\/\/floxyhairplus.it\/#\/schema\/logo\/image\/\",\"url\":\"https:\/\/floxyhairplus.it\/wp-content\/uploads\/2025\/07\/logo_fhp1-scaled.webp\",\"contentUrl\":\"https:\/\/floxyhairplus.it\/wp-content\/uploads\/2025\/07\/logo_fhp1-scaled.webp\",\"width\":2560,\"height\":1923,\"caption\":\"Floxy Hair Plus\"},\"image\":{\"@id\":\"https:\/\/floxyhairplus.it\/#\/schema\/logo\/image\/\"}}]}<\/script>\n<!-- \/ Yoast SEO plugin. -->","yoast_head_json":{"title":"Cuffia per parrucca Afro FHP con frangia - Floxy Hair Plus","robots":{"index":"index","follow":"follow","max-snippet":"max-snippet:-1","max-image-preview":"max-image-preview:large","max-video-preview":"max-video-preview:-1"},"canonical":"https:\/\/floxyhairplus.it\/en\/product\/afro-fring-2\/","og_locale":"en_US","og_type":"article","og_title":"Cuffia per parrucca Afro FHP con frangia - Floxy Hair Plus","og_description":"La parrucca afro riccia mostrata nella foto \u00e8 realizzata in capelli Virgin Remy grezzi, pesa 200 g, misura 14&#8243; (35 [&hellip;]","og_url":"https:\/\/floxyhairplus.it\/en\/product\/afro-fring-2\/","og_site_name":"Floxy Hair Plus","og_image":[{"width":800,"height":640,"url":"https:\/\/floxyhairplus.it\/wp-content\/uploads\/2025\/03\/A3E11B72-BC63-4331-A6CB-110FB913270A.jpeg","type":"image\/jpeg"}],"twitter_card":"summary_large_image","twitter_misc":{"Est. reading time":"1 minute"},"schema":{"@context":"https:\/\/schema.org","@graph":[{"@type":"WebPage","@id":"https:\/\/floxyhairplus.it\/product\/afro-fring-2\/","url":"https:\/\/floxyhairplus.it\/product\/afro-fring-2\/","name":"Cuffia per parrucca Afro FHP con frangia - Floxy Hair Plus","isPartOf":{"@id":"https:\/\/floxyhairplus.it\/#website"},"primaryImageOfPage":{"@id":"https:\/\/floxyhairplus.it\/product\/afro-fring-2\/#primaryimage"},"image":{"@id":"https:\/\/floxyhairplus.it\/product\/afro-fring-2\/#primaryimage"},"thumbnailUrl":"https:\/\/floxyhairplus.it\/wp-content\/uploads\/2025\/03\/A3E11B72-BC63-4331-A6CB-110FB913270A.jpeg","datePublished":"2026-01-27T20:37:16+00:00","breadcrumb":{"@id":"https:\/\/floxyhairplus.it\/product\/afro-fring-2\/#breadcrumb"},"inLanguage":"en-US","potentialAction":[{"@type":"ReadAction","target":["https:\/\/floxyhairplus.it\/product\/afro-fring-2\/"]}]},{"@type":"ImageObject","inLanguage":"en-US","@id":"https:\/\/floxyhairplus.it\/product\/afro-fring-2\/#primaryimage","url":"https:\/\/floxyhairplus.it\/wp-content\/uploads\/2025\/03\/A3E11B72-BC63-4331-A6CB-110FB913270A.jpeg","contentUrl":"https:\/\/floxyhairplus.it\/wp-content\/uploads\/2025\/03\/A3E11B72-BC63-4331-A6CB-110FB913270A.jpeg","width":800,"height":640},{"@type":"BreadcrumbList","@id":"https:\/\/floxyhairplus.it\/product\/afro-fring-2\/#breadcrumb","itemListElement":[{"@type":"ListItem","position":1,"name":"Home","item":"https:\/\/floxyhairplus.it\/"},{"@type":"ListItem","position":2,"name":"Shop","item":"https:\/\/floxyhairplus.it\/en\/shop\/"},{"@type":"ListItem","position":3,"name":"Cuffia per parrucca Afro FHP con frangia"}]},{"@type":"WebSite","@id":"https:\/\/floxyhairplus.it\/#website","url":"https:\/\/floxyhairplus.it\/","name":"Floxy Hair Plus","description":"Elevate Your Style, Embrace Your Elegance","publisher":{"@id":"https:\/\/floxyhairplus.it\/#organization"},"potentialAction":[{"@type":"SearchAction","target":{"@type":"EntryPoint","urlTemplate":"https:\/\/floxyhairplus.it\/?s={search_term_string}"},"query-input":{"@type":"PropertyValueSpecification","valueRequired":true,"valueName":"search_term_string"}}],"inLanguage":"en-US"},{"@type":"Organization","@id":"https:\/\/floxyhairplus.it\/#organization","name":"Floxy Hair Plus","url":"https:\/\/floxyhairplus.it\/","logo":{"@type":"ImageObject","inLanguage":"en-US","@id":"https:\/\/floxyhairplus.it\/#\/schema\/logo\/image\/","url":"https:\/\/floxyhairplus.it\/wp-content\/uploads\/2025\/07\/logo_fhp1-scaled.webp","contentUrl":"https:\/\/floxyhairplus.it\/wp-content\/uploads\/2025\/07\/logo_fhp1-scaled.webp","width":2560,"height":1923,"caption":"Floxy Hair Plus"},"image":{"@id":"https:\/\/floxyhairplus.it\/#\/schema\/logo\/image\/"}}]}},"uagb_featured_image_src":{"full":["https:\/\/floxyhairplus.it\/wp-content\/uploads\/2025\/03\/A3E11B72-BC63-4331-A6CB-110FB913270A.jpeg",800,640,false],"thumbnail":["https:\/\/floxyhairplus.it\/wp-content\/uploads\/2025\/03\/A3E11B72-BC63-4331-A6CB-110FB913270A-150x150.jpeg",150,150,true],"medium":["https:\/\/floxyhairplus.it\/wp-content\/uploads\/2025\/03\/A3E11B72-BC63-4331-A6CB-110FB913270A-300x240.jpeg",300,240,true],"medium_large":["https:\/\/floxyhairplus.it\/wp-content\/uploads\/2025\/03\/A3E11B72-BC63-4331-A6CB-110FB913270A-768x614.jpeg",768,614,true],"large":["https:\/\/floxyhairplus.it\/wp-content\/uploads\/2025\/03\/A3E11B72-BC63-4331-A6CB-110FB913270A.jpeg",800,640,false],"1536x1536":["https:\/\/floxyhairplus.it\/wp-content\/uploads\/2025\/03\/A3E11B72-BC63-4331-A6CB-110FB913270A.jpeg",800,640,false],"2048x2048":["https:\/\/floxyhairplus.it\/wp-content\/uploads\/2025\/03\/A3E11B72-BC63-4331-A6CB-110FB913270A.jpeg",800,640,false],"trp-custom-language-flag":["https:\/\/floxyhairplus.it\/wp-content\/uploads\/2025\/03\/A3E11B72-BC63-4331-A6CB-110FB913270A.jpeg",15,12,false],"woocommerce_thumbnail":["https:\/\/floxyhairplus.it\/wp-content\/uploads\/2025\/03\/A3E11B72-BC63-4331-A6CB-110FB913270A-300x300.jpeg",300,300,true],"woocommerce_single":["https:\/\/floxyhairplus.it\/wp-content\/uploads\/2025\/03\/A3E11B72-BC63-4331-A6CB-110FB913270A-600x480.jpeg",600,480,true],"woocommerce_gallery_thumbnail":["https:\/\/floxyhairplus.it\/wp-content\/uploads\/2025\/03\/A3E11B72-BC63-4331-A6CB-110FB913270A-100x100.jpeg",100,100,true],"variation_swatches_image_size":["https:\/\/floxyhairplus.it\/wp-content\/uploads\/2025\/03\/A3E11B72-BC63-4331-A6CB-110FB913270A.jpeg",50,40,false],"variation_swatches_tooltip_size":["https:\/\/floxyhairplus.it\/wp-content\/uploads\/2025\/03\/A3E11B72-BC63-4331-A6CB-110FB913270A.jpeg",100,80,false]},"uagb_author_info":{"display_name":"vita","author_link":"https:\/\/floxyhairplus.it\/en\/author\/"},"uagb_comment_info":0,"uagb_excerpt":"La parrucca afro riccia mostrata nella foto \u00e8 realizzata in capelli Virgin Remy grezzi, pesa 200 g, misura 14&#8243; (35 [&hellip;]","_links":{"self":[{"href":"https:\/\/floxyhairplus.it\/en\/wp-json\/wp\/v2\/product\/37953","targetHints":{"allow":["GET"]}}],"collection":[{"href":"https:\/\/floxyhairplus.it\/en\/wp-json\/wp\/v2\/product"}],"about":[{"href":"https:\/\/floxyhairplus.it\/en\/wp-json\/wp\/v2\/types\/product"}],"replies":[{"embeddable":true,"href":"https:\/\/floxyhairplus.it\/en\/wp-json\/wp\/v2\/comments?post=37953"}],"wp:featuredmedia":[{"embeddable":true,"href":"https:\/\/floxyhairplus.it\/en\/wp-json\/wp\/v2\/media\/37954"}],"wp:attachment":[{"href":"https:\/\/floxyhairplus.it\/en\/wp-json\/wp\/v2\/media?parent=37953"}],"wp:term":[{"taxonomy":"product_brand","embeddable":true,"href":"https:\/\/floxyhairplus.it\/en\/wp-json\/wp\/v2\/product_brand?post=37953"},{"taxonomy":"product_cat","embeddable":true,"href":"https:\/\/floxyhairplus.it\/en\/wp-json\/wp\/v2\/product_cat?post=37953"},{"taxonomy":"product_tag","embeddable":true,"href":"https:\/\/floxyhairplus.it\/en\/wp-json\/wp\/v2\/product_tag?post=37953"}],"curies":[{"name":"wp","href":"https:\/\/api.w.org\/{rel}","templated":true}]}}