{"id":42757,"date":"2026-01-27T20:37:12","date_gmt":"2026-01-27T20:37:12","guid":{"rendered":"https:\/\/floxyhairplus.it\/?post_type=product&#038;p=42757"},"modified":"2026-01-27T20:57:37","modified_gmt":"2026-01-27T20:57:37","slug":"body-wavy-23-or-4-packs-closure","status":"publish","type":"product","link":"https:\/\/floxyhairplus.it\/en\/product\/body-wavy-23-or-4-packs-closure\/","title":{"rendered":"Body Wavy 2,3 or 4 Packs + Closure"},"content":{"rendered":"<p>T\u201dAbbiamo reso facile avere bundle deals hair extension (offerta di pacchetti delle Extension) ad un prezzo molto conveniente. Scegli le nostre Extension Body wave \u00a0da 2, 3 or 4 pacchetti con closure o frontal, per completare il tuo splendido look.<\/p>\n<p>Tutte le Extension lisce di floxyhaurplus \u00e8 tra un colore 1B-2. La struttura Body wave \u00e8 lucentezza e setosa e la brillantezza naturale.\u00c8 Facile da arricciare e lisciare mantenendo bene la piega Trasformatevi con la collezione Extension di floxyhairplus liscia naturale : Questa collezione preziosa \u00e8 costituita da pezzi scelti manualmente di capelli Virgin remy indiani 100%. Ogni pezzo unico \u00e8 disponibile con una trama con la macchina o una massa (senza trama) per l\u2019intreccio o realizzare il metodo di nodo brasiliano. I nostri capelli sono disponibili in lunghezze da 10 \u201ca 30\u201d e sono disponibili in ricchi colori vergini. La collezione Floxyhairplus \u00e8 i capelli pi\u00f9 belli del settore e ora disponibile.Se ben curati possono durare fino a 2 anni<\/p>","protected":false},"excerpt":{"rendered":"<p>T\u201dAbbiamo reso facile avere bundle deals hair extension (offerta di pacchetti delle Extension) ad un prezzo molto conveniente. Scegli le [&hellip;]<\/p>","protected":false},"featured_media":43477,"comment_status":"closed","ping_status":"closed","template":"","meta":{"_acf_changed":false,"_uag_custom_page_level_css":"","site-sidebar-layout":"default","site-content-layout":"","ast-site-content-layout":"default","site-content-style":"default","site-sidebar-style":"default","ast-global-header-display":"","ast-banner-title-visibility":"","ast-main-header-display":"","ast-hfb-above-header-display":"","ast-hfb-below-header-display":"","ast-hfb-mobile-header-display":"","site-post-title":"","ast-breadcrumbs-content":"","ast-featured-img":"","footer-sml-layout":"","theme-transparent-header-meta":"default","adv-header-id-meta":"","stick-header-meta":"","header-above-stick-meta":"","header-main-stick-meta":"","header-below-stick-meta":"","astra-migrate-meta-layouts":"set","ast-page-background-enabled":"default","ast-page-background-meta":{"desktop":{"background-color":"var(--ast-global-color-4)","background-image":"","background-repeat":"repeat","background-position":"center center","background-size":"auto","background-attachment":"scroll","background-type":"","background-media":"","overlay-type":"","overlay-color":"","overlay-opacity":"","overlay-gradient":""},"tablet":{"background-color":"","background-image":"","background-repeat":"repeat","background-position":"center center","background-size":"auto","background-attachment":"scroll","background-type":"","background-media":"","overlay-type":"","overlay-color":"","overlay-opacity":"","overlay-gradient":""},"mobile":{"background-color":"","background-image":"","background-repeat":"repeat","background-position":"center center","background-size":"auto","background-attachment":"scroll","background-type":"","background-media":"","overlay-type":"","overlay-color":"","overlay-opacity":"","overlay-gradient":""}},"ast-content-background-meta":{"desktop":{"background-color":"var(--ast-global-color-5)","background-image":"","background-repeat":"repeat","background-position":"center center","background-size":"auto","background-attachment":"scroll","background-type":"","background-media":"","overlay-type":"","overlay-color":"","overlay-opacity":"","overlay-gradient":""},"tablet":{"background-color":"var(--ast-global-color-5)","background-image":"","background-repeat":"repeat","background-position":"center center","background-size":"auto","background-attachment":"scroll","background-type":"","background-media":"","overlay-type":"","overlay-color":"","overlay-opacity":"","overlay-gradient":""},"mobile":{"background-color":"var(--ast-global-color-5)","background-image":"","background-repeat":"repeat","background-position":"center center","background-size":"auto","background-attachment":"scroll","background-type":"","background-media":"","overlay-type":"","overlay-color":"","overlay-opacity":"","overlay-gradient":""}}},"product_brand":[],"product_cat":[105,530,245,243],"product_tag":[],"class_list":{"0":"post-42757","1":"product","2":"type-product","3":"status-publish","4":"has-post-thumbnail","6":"product_cat-normal-drawn","7":"product_cat-normal-drawn-tessiture","8":"product_cat-single-drawn","9":"product_cat-tessiture","10":"desktop-align-center","11":"tablet-align-center","12":"mobile-align-center","13":"tm-no-options","15":"first","16":"instock","17":"taxable","18":"shipping-taxable","19":"purchasable","20":"product-type-variable"},"acf":[],"yoast_head":"<!-- This site is optimized with the Yoast SEO plugin v26.3 - https:\/\/yoast.com\/wordpress\/plugins\/seo\/ -->\n<title>Body Wavy 2,3 or 4 Packs + Closure - Floxy Hair Plus<\/title>\n<meta name=\"robots\" content=\"index, follow, max-snippet:-1, max-image-preview:large, max-video-preview:-1\" \/>\n<link rel=\"canonical\" href=\"https:\/\/floxyhairplus.it\/en\/product\/body-wavy-23-or-4-packs-closure\/\" \/>\n<meta property=\"og:locale\" content=\"en_US\" \/>\n<meta property=\"og:type\" content=\"article\" \/>\n<meta property=\"og:title\" content=\"Body Wavy 2,3 or 4 Packs + Closure - Floxy Hair Plus\" \/>\n<meta property=\"og:description\" content=\"T\u201dAbbiamo reso facile avere bundle deals hair extension (offerta di pacchetti delle Extension) ad un prezzo molto conveniente. Scegli le [&hellip;]\" \/>\n<meta property=\"og:url\" content=\"https:\/\/floxyhairplus.it\/en\/product\/body-wavy-23-or-4-packs-closure\/\" \/>\n<meta property=\"og:site_name\" content=\"Floxy Hair Plus\" \/>\n<meta property=\"article:modified_time\" content=\"2026-01-27T20:57:37+00:00\" \/>\n<meta property=\"og:image\" content=\"https:\/\/floxyhairplus.it\/wp-content\/uploads\/2025\/06\/IMG_7971.webp\" \/>\n\t<meta property=\"og:image:width\" content=\"1600\" \/>\n\t<meta property=\"og:image:height\" content=\"1200\" \/>\n\t<meta property=\"og:image:type\" content=\"image\/webp\" \/>\n<meta name=\"twitter:card\" content=\"summary_large_image\" \/>\n<meta name=\"twitter:label1\" content=\"Est. reading time\" \/>\n\t<meta name=\"twitter:data1\" content=\"1 minute\" \/>\n<script type=\"application\/ld+json\" class=\"yoast-schema-graph\">{\"@context\":\"https:\/\/schema.org\",\"@graph\":[{\"@type\":\"WebPage\",\"@id\":\"https:\/\/floxyhairplus.it\/product\/body-wavy-23-or-4-packs-closure\/\",\"url\":\"https:\/\/floxyhairplus.it\/product\/body-wavy-23-or-4-packs-closure\/\",\"name\":\"Body Wavy 2,3 or 4 Packs + Closure - Floxy Hair Plus\",\"isPartOf\":{\"@id\":\"https:\/\/floxyhairplus.it\/#website\"},\"primaryImageOfPage\":{\"@id\":\"https:\/\/floxyhairplus.it\/product\/body-wavy-23-or-4-packs-closure\/#primaryimage\"},\"image\":{\"@id\":\"https:\/\/floxyhairplus.it\/product\/body-wavy-23-or-4-packs-closure\/#primaryimage\"},\"thumbnailUrl\":\"https:\/\/floxyhairplus.it\/wp-content\/uploads\/2025\/06\/IMG_7971.webp\",\"datePublished\":\"2026-01-27T20:37:12+00:00\",\"dateModified\":\"2026-01-27T20:57:37+00:00\",\"breadcrumb\":{\"@id\":\"https:\/\/floxyhairplus.it\/product\/body-wavy-23-or-4-packs-closure\/#breadcrumb\"},\"inLanguage\":\"en-US\",\"potentialAction\":[{\"@type\":\"ReadAction\",\"target\":[\"https:\/\/floxyhairplus.it\/product\/body-wavy-23-or-4-packs-closure\/\"]}]},{\"@type\":\"ImageObject\",\"inLanguage\":\"en-US\",\"@id\":\"https:\/\/floxyhairplus.it\/product\/body-wavy-23-or-4-packs-closure\/#primaryimage\",\"url\":\"https:\/\/floxyhairplus.it\/wp-content\/uploads\/2025\/06\/IMG_7971.webp\",\"contentUrl\":\"https:\/\/floxyhairplus.it\/wp-content\/uploads\/2025\/06\/IMG_7971.webp\",\"width\":1600,\"height\":1200},{\"@type\":\"BreadcrumbList\",\"@id\":\"https:\/\/floxyhairplus.it\/product\/body-wavy-23-or-4-packs-closure\/#breadcrumb\",\"itemListElement\":[{\"@type\":\"ListItem\",\"position\":1,\"name\":\"Home\",\"item\":\"https:\/\/floxyhairplus.it\/\"},{\"@type\":\"ListItem\",\"position\":2,\"name\":\"Shop\",\"item\":\"https:\/\/floxyhairplus.it\/en\/shop\/\"},{\"@type\":\"ListItem\",\"position\":3,\"name\":\"Body Wavy 2,3 or 4 Packs + Closure\"}]},{\"@type\":\"WebSite\",\"@id\":\"https:\/\/floxyhairplus.it\/#website\",\"url\":\"https:\/\/floxyhairplus.it\/\",\"name\":\"Floxy Hair Plus\",\"description\":\"Elevate Your Style, Embrace Your Elegance\",\"publisher\":{\"@id\":\"https:\/\/floxyhairplus.it\/#organization\"},\"potentialAction\":[{\"@type\":\"SearchAction\",\"target\":{\"@type\":\"EntryPoint\",\"urlTemplate\":\"https:\/\/floxyhairplus.it\/?s={search_term_string}\"},\"query-input\":{\"@type\":\"PropertyValueSpecification\",\"valueRequired\":true,\"valueName\":\"search_term_string\"}}],\"inLanguage\":\"en-US\"},{\"@type\":\"Organization\",\"@id\":\"https:\/\/floxyhairplus.it\/#organization\",\"name\":\"Floxy Hair Plus\",\"url\":\"https:\/\/floxyhairplus.it\/\",\"logo\":{\"@type\":\"ImageObject\",\"inLanguage\":\"en-US\",\"@id\":\"https:\/\/floxyhairplus.it\/#\/schema\/logo\/image\/\",\"url\":\"https:\/\/floxyhairplus.it\/wp-content\/uploads\/2025\/07\/logo_fhp1-scaled.webp\",\"contentUrl\":\"https:\/\/floxyhairplus.it\/wp-content\/uploads\/2025\/07\/logo_fhp1-scaled.webp\",\"width\":2560,\"height\":1923,\"caption\":\"Floxy Hair Plus\"},\"image\":{\"@id\":\"https:\/\/floxyhairplus.it\/#\/schema\/logo\/image\/\"}}]}<\/script>\n<!-- \/ Yoast SEO plugin. -->","yoast_head_json":{"title":"Body Wavy 2,3 or 4 Packs + Closure - Floxy Hair Plus","robots":{"index":"index","follow":"follow","max-snippet":"max-snippet:-1","max-image-preview":"max-image-preview:large","max-video-preview":"max-video-preview:-1"},"canonical":"https:\/\/floxyhairplus.it\/en\/product\/body-wavy-23-or-4-packs-closure\/","og_locale":"en_US","og_type":"article","og_title":"Body Wavy 2,3 or 4 Packs + Closure - Floxy Hair Plus","og_description":"T\u201dAbbiamo reso facile avere bundle deals hair extension (offerta di pacchetti delle Extension) ad un prezzo molto conveniente. Scegli le [&hellip;]","og_url":"https:\/\/floxyhairplus.it\/en\/product\/body-wavy-23-or-4-packs-closure\/","og_site_name":"Floxy Hair Plus","article_modified_time":"2026-01-27T20:57:37+00:00","og_image":[{"width":1600,"height":1200,"url":"https:\/\/floxyhairplus.it\/wp-content\/uploads\/2025\/06\/IMG_7971.webp","type":"image\/webp"}],"twitter_card":"summary_large_image","twitter_misc":{"Est. reading time":"1 minute"},"schema":{"@context":"https:\/\/schema.org","@graph":[{"@type":"WebPage","@id":"https:\/\/floxyhairplus.it\/product\/body-wavy-23-or-4-packs-closure\/","url":"https:\/\/floxyhairplus.it\/product\/body-wavy-23-or-4-packs-closure\/","name":"Body Wavy 2,3 or 4 Packs + Closure - Floxy Hair Plus","isPartOf":{"@id":"https:\/\/floxyhairplus.it\/#website"},"primaryImageOfPage":{"@id":"https:\/\/floxyhairplus.it\/product\/body-wavy-23-or-4-packs-closure\/#primaryimage"},"image":{"@id":"https:\/\/floxyhairplus.it\/product\/body-wavy-23-or-4-packs-closure\/#primaryimage"},"thumbnailUrl":"https:\/\/floxyhairplus.it\/wp-content\/uploads\/2025\/06\/IMG_7971.webp","datePublished":"2026-01-27T20:37:12+00:00","dateModified":"2026-01-27T20:57:37+00:00","breadcrumb":{"@id":"https:\/\/floxyhairplus.it\/product\/body-wavy-23-or-4-packs-closure\/#breadcrumb"},"inLanguage":"en-US","potentialAction":[{"@type":"ReadAction","target":["https:\/\/floxyhairplus.it\/product\/body-wavy-23-or-4-packs-closure\/"]}]},{"@type":"ImageObject","inLanguage":"en-US","@id":"https:\/\/floxyhairplus.it\/product\/body-wavy-23-or-4-packs-closure\/#primaryimage","url":"https:\/\/floxyhairplus.it\/wp-content\/uploads\/2025\/06\/IMG_7971.webp","contentUrl":"https:\/\/floxyhairplus.it\/wp-content\/uploads\/2025\/06\/IMG_7971.webp","width":1600,"height":1200},{"@type":"BreadcrumbList","@id":"https:\/\/floxyhairplus.it\/product\/body-wavy-23-or-4-packs-closure\/#breadcrumb","itemListElement":[{"@type":"ListItem","position":1,"name":"Home","item":"https:\/\/floxyhairplus.it\/"},{"@type":"ListItem","position":2,"name":"Shop","item":"https:\/\/floxyhairplus.it\/en\/shop\/"},{"@type":"ListItem","position":3,"name":"Body Wavy 2,3 or 4 Packs + Closure"}]},{"@type":"WebSite","@id":"https:\/\/floxyhairplus.it\/#website","url":"https:\/\/floxyhairplus.it\/","name":"Floxy Hair Plus","description":"Elevate Your Style, Embrace Your Elegance","publisher":{"@id":"https:\/\/floxyhairplus.it\/#organization"},"potentialAction":[{"@type":"SearchAction","target":{"@type":"EntryPoint","urlTemplate":"https:\/\/floxyhairplus.it\/?s={search_term_string}"},"query-input":{"@type":"PropertyValueSpecification","valueRequired":true,"valueName":"search_term_string"}}],"inLanguage":"en-US"},{"@type":"Organization","@id":"https:\/\/floxyhairplus.it\/#organization","name":"Floxy Hair Plus","url":"https:\/\/floxyhairplus.it\/","logo":{"@type":"ImageObject","inLanguage":"en-US","@id":"https:\/\/floxyhairplus.it\/#\/schema\/logo\/image\/","url":"https:\/\/floxyhairplus.it\/wp-content\/uploads\/2025\/07\/logo_fhp1-scaled.webp","contentUrl":"https:\/\/floxyhairplus.it\/wp-content\/uploads\/2025\/07\/logo_fhp1-scaled.webp","width":2560,"height":1923,"caption":"Floxy Hair Plus"},"image":{"@id":"https:\/\/floxyhairplus.it\/#\/schema\/logo\/image\/"}}]}},"uagb_featured_image_src":{"full":["https:\/\/floxyhairplus.it\/wp-content\/uploads\/2025\/06\/IMG_7971.webp",1600,1200,false],"thumbnail":["https:\/\/floxyhairplus.it\/wp-content\/uploads\/2025\/06\/IMG_7971-150x150.webp",150,150,true],"medium":["https:\/\/floxyhairplus.it\/wp-content\/uploads\/2025\/06\/IMG_7971-300x225.webp",300,225,true],"medium_large":["https:\/\/floxyhairplus.it\/wp-content\/uploads\/2025\/06\/IMG_7971-768x576.webp",768,576,true],"large":["https:\/\/floxyhairplus.it\/wp-content\/uploads\/2025\/06\/IMG_7971-1024x768.webp",1024,768,true],"1536x1536":["https:\/\/floxyhairplus.it\/wp-content\/uploads\/2025\/06\/IMG_7971-1536x1152.webp",1536,1152,true],"2048x2048":["https:\/\/floxyhairplus.it\/wp-content\/uploads\/2025\/06\/IMG_7971.webp",1600,1200,false],"trp-custom-language-flag":["https:\/\/floxyhairplus.it\/wp-content\/uploads\/2025\/06\/IMG_7971.webp",16,12,false],"woocommerce_thumbnail":["https:\/\/floxyhairplus.it\/wp-content\/uploads\/2025\/06\/IMG_7971-300x300.webp",300,300,true],"woocommerce_single":["https:\/\/floxyhairplus.it\/wp-content\/uploads\/2025\/06\/IMG_7971-600x450.webp",600,450,true],"woocommerce_gallery_thumbnail":["https:\/\/floxyhairplus.it\/wp-content\/uploads\/2025\/06\/IMG_7971-100x100.webp",100,100,true],"variation_swatches_image_size":["https:\/\/floxyhairplus.it\/wp-content\/uploads\/2025\/06\/IMG_7971-50x50.webp",50,50,true],"variation_swatches_tooltip_size":["https:\/\/floxyhairplus.it\/wp-content\/uploads\/2025\/06\/IMG_7971-100x100.webp",100,100,true]},"uagb_author_info":{"display_name":"vita","author_link":"https:\/\/floxyhairplus.it\/en\/author\/"},"uagb_comment_info":0,"uagb_excerpt":"T\u201dAbbiamo reso facile avere bundle deals hair extension (offerta di pacchetti delle Extension) ad un prezzo molto conveniente. Scegli le [&hellip;]","_links":{"self":[{"href":"https:\/\/floxyhairplus.it\/en\/wp-json\/wp\/v2\/product\/42757","targetHints":{"allow":["GET"]}}],"collection":[{"href":"https:\/\/floxyhairplus.it\/en\/wp-json\/wp\/v2\/product"}],"about":[{"href":"https:\/\/floxyhairplus.it\/en\/wp-json\/wp\/v2\/types\/product"}],"replies":[{"embeddable":true,"href":"https:\/\/floxyhairplus.it\/en\/wp-json\/wp\/v2\/comments?post=42757"}],"wp:featuredmedia":[{"embeddable":true,"href":"https:\/\/floxyhairplus.it\/en\/wp-json\/wp\/v2\/media\/43477"}],"wp:attachment":[{"href":"https:\/\/floxyhairplus.it\/en\/wp-json\/wp\/v2\/media?parent=42757"}],"wp:term":[{"taxonomy":"product_brand","embeddable":true,"href":"https:\/\/floxyhairplus.it\/en\/wp-json\/wp\/v2\/product_brand?post=42757"},{"taxonomy":"product_cat","embeddable":true,"href":"https:\/\/floxyhairplus.it\/en\/wp-json\/wp\/v2\/product_cat?post=42757"},{"taxonomy":"product_tag","embeddable":true,"href":"https:\/\/floxyhairplus.it\/en\/wp-json\/wp\/v2\/product_tag?post=42757"}],"curies":[{"name":"wp","href":"https:\/\/api.w.org\/{rel}","templated":true}]}}