{"id":42942,"date":"2026-01-27T20:37:07","date_gmt":"2026-01-27T20:37:07","guid":{"rendered":"https:\/\/floxyhairplus.it\/?post_type=product&#038;p=42942"},"modified":"2026-01-27T21:03:32","modified_gmt":"2026-01-27T21:03:32","slug":"jerry-curly-remy-di-23-o-4-pacchetti-closure","status":"publish","type":"product","link":"https:\/\/floxyhairplus.it\/en\/product\/jerry-curly-remy-di-23-o-4-pacchetti-closure\/","title":{"rendered":"Jerry Curly Remy di 2,3 o 4 pacchetti + Closure"},"content":{"rendered":"<p>NOTA BENE: I CAPELLI REMY NON SARANNO PI\u00d9 DISPONIBILI, ORA VENDIAMO SOLO CAPELLI GREZZI(RAW HAIR), Si prega di notare che si tratta della nostra qualit\u00e0 Remy e non verr\u00e0 riassortita. Tutte le vendite sono definitive e non sono accettati resi.<\/p>\n<p>Abbiamo reso facile avere bundle deals hair extension (offerta di pacchetti delle Extension) ad un prezzo molto conveniente. Scegli le nostre Extension Jerry curly da 2, 3 or 4 pacchetti con closure, frontal senza, per completare il tuo splendido look.Le tessiture Jerry Curly sono capelli veri di Remy che sono state sottoposte a un processo speciale a vapore di 3 giorni privo di sostanze chimico per creare un pattern di riccio stretto e pesantemente strutturato.<\/p>\n<p>Questi riccioli ricchi hanno unici capelli riccioli che permette di creare un acconciatura splendida o spazzolare per uno stile afro-ispirato naturale. Ogni fascio contiene circa 100g.Trasformatevi con la collezione Extension di floxyhairplus Ricce Jerry curly, capelli veri indiani strutturati a vapore per un risultato splendente , senza groviglio., forniscono il corpo perfetto dei ricci alla moda e garantisce , la pienezza, la lucentezza e la notevole usabilit\u00e0. Jerry curly da Floxyhairplus possono essere lavate e asciugate naturale anche mette in piega . Questo selezione avr\u00e0 lo stesso pattern riccio dopo lavate con la cura adeguata possono essere riutilizzate per un periodo di 12 mesi.<\/p>","protected":false},"excerpt":{"rendered":"<p>NOTA BENE: I CAPELLI REMY NON SARANNO PI\u00d9 DISPONIBILI, ORA VENDIAMO SOLO CAPELLI GREZZI(RAW HAIR), Si prega di notare che [&hellip;]<\/p>","protected":false},"featured_media":43453,"comment_status":"closed","ping_status":"closed","template":"","meta":{"_acf_changed":false,"_uag_custom_page_level_css":"","site-sidebar-layout":"default","site-content-layout":"","ast-site-content-layout":"default","site-content-style":"default","site-sidebar-style":"default","ast-global-header-display":"","ast-banner-title-visibility":"","ast-main-header-display":"","ast-hfb-above-header-display":"","ast-hfb-below-header-display":"","ast-hfb-mobile-header-display":"","site-post-title":"","ast-breadcrumbs-content":"","ast-featured-img":"","footer-sml-layout":"","theme-transparent-header-meta":"default","adv-header-id-meta":"","stick-header-meta":"","header-above-stick-meta":"","header-main-stick-meta":"","header-below-stick-meta":"","astra-migrate-meta-layouts":"set","ast-page-background-enabled":"default","ast-page-background-meta":{"desktop":{"background-color":"var(--ast-global-color-4)","background-image":"","background-repeat":"repeat","background-position":"center center","background-size":"auto","background-attachment":"scroll","background-type":"","background-media":"","overlay-type":"","overlay-color":"","overlay-opacity":"","overlay-gradient":""},"tablet":{"background-color":"","background-image":"","background-repeat":"repeat","background-position":"center center","background-size":"auto","background-attachment":"scroll","background-type":"","background-media":"","overlay-type":"","overlay-color":"","overlay-opacity":"","overlay-gradient":""},"mobile":{"background-color":"","background-image":"","background-repeat":"repeat","background-position":"center center","background-size":"auto","background-attachment":"scroll","background-type":"","background-media":"","overlay-type":"","overlay-color":"","overlay-opacity":"","overlay-gradient":""}},"ast-content-background-meta":{"desktop":{"background-color":"var(--ast-global-color-5)","background-image":"","background-repeat":"repeat","background-position":"center center","background-size":"auto","background-attachment":"scroll","background-type":"","background-media":"","overlay-type":"","overlay-color":"","overlay-opacity":"","overlay-gradient":""},"tablet":{"background-color":"var(--ast-global-color-5)","background-image":"","background-repeat":"repeat","background-position":"center center","background-size":"auto","background-attachment":"scroll","background-type":"","background-media":"","overlay-type":"","overlay-color":"","overlay-opacity":"","overlay-gradient":""},"mobile":{"background-color":"var(--ast-global-color-5)","background-image":"","background-repeat":"repeat","background-position":"center center","background-size":"auto","background-attachment":"scroll","background-type":"","background-media":"","overlay-type":"","overlay-color":"","overlay-opacity":"","overlay-gradient":""}}},"product_brand":[],"product_cat":[96,74,245,243],"product_tag":[],"class_list":{"0":"post-42942","1":"product","2":"type-product","3":"status-publish","4":"has-post-thumbnail","6":"product_cat-curly-shop-by-hair-texture","7":"product_cat-bundle-deals","8":"product_cat-single-drawn","9":"product_cat-tessiture","10":"desktop-align-center","11":"tablet-align-center","12":"mobile-align-center","13":"tm-no-options","15":"first","16":"instock","17":"featured","18":"taxable","19":"shipping-taxable","20":"purchasable","21":"product-type-variable"},"acf":[],"yoast_head":"<!-- This site is optimized with the Yoast SEO plugin v26.3 - https:\/\/yoast.com\/wordpress\/plugins\/seo\/ -->\n<title>Jerry Curly Remy di 2,3 o 4 pacchetti + Closure - Floxy Hair Plus<\/title>\n<meta name=\"robots\" content=\"index, follow, max-snippet:-1, max-image-preview:large, max-video-preview:-1\" \/>\n<link rel=\"canonical\" href=\"https:\/\/floxyhairplus.it\/en\/product\/jerry-curly-remy-di-23-o-4-pacchetti-closure\/\" \/>\n<meta property=\"og:locale\" content=\"en_US\" \/>\n<meta property=\"og:type\" content=\"article\" \/>\n<meta property=\"og:title\" content=\"Jerry Curly Remy di 2,3 o 4 pacchetti + Closure - Floxy Hair Plus\" \/>\n<meta property=\"og:description\" content=\"NOTA BENE: I CAPELLI REMY NON SARANNO PI\u00d9 DISPONIBILI, ORA VENDIAMO SOLO CAPELLI GREZZI(RAW HAIR), Si prega di notare che [&hellip;]\" \/>\n<meta property=\"og:url\" content=\"https:\/\/floxyhairplus.it\/en\/product\/jerry-curly-remy-di-23-o-4-pacchetti-closure\/\" \/>\n<meta property=\"og:site_name\" content=\"Floxy Hair Plus\" \/>\n<meta property=\"article:modified_time\" content=\"2026-01-27T21:03:32+00:00\" \/>\n<meta property=\"og:image\" content=\"https:\/\/floxyhairplus.it\/wp-content\/uploads\/2025\/06\/464D1939-7013-4825-9C4F-BDB6944E457B.webp\" \/>\n\t<meta property=\"og:image:width\" content=\"1000\" \/>\n\t<meta property=\"og:image:height\" content=\"800\" \/>\n\t<meta property=\"og:image:type\" content=\"image\/webp\" \/>\n<meta name=\"twitter:card\" content=\"summary_large_image\" \/>\n<meta name=\"twitter:label1\" content=\"Est. reading time\" \/>\n\t<meta name=\"twitter:data1\" content=\"1 minute\" \/>\n<script type=\"application\/ld+json\" class=\"yoast-schema-graph\">{\"@context\":\"https:\/\/schema.org\",\"@graph\":[{\"@type\":\"WebPage\",\"@id\":\"https:\/\/floxyhairplus.it\/product\/jerry-curly-remy-di-23-o-4-pacchetti-closure\/\",\"url\":\"https:\/\/floxyhairplus.it\/product\/jerry-curly-remy-di-23-o-4-pacchetti-closure\/\",\"name\":\"Jerry Curly Remy di 2,3 o 4 pacchetti + Closure - Floxy Hair Plus\",\"isPartOf\":{\"@id\":\"https:\/\/floxyhairplus.it\/#website\"},\"primaryImageOfPage\":{\"@id\":\"https:\/\/floxyhairplus.it\/product\/jerry-curly-remy-di-23-o-4-pacchetti-closure\/#primaryimage\"},\"image\":{\"@id\":\"https:\/\/floxyhairplus.it\/product\/jerry-curly-remy-di-23-o-4-pacchetti-closure\/#primaryimage\"},\"thumbnailUrl\":\"https:\/\/floxyhairplus.it\/wp-content\/uploads\/2025\/06\/464D1939-7013-4825-9C4F-BDB6944E457B.webp\",\"datePublished\":\"2026-01-27T20:37:07+00:00\",\"dateModified\":\"2026-01-27T21:03:32+00:00\",\"breadcrumb\":{\"@id\":\"https:\/\/floxyhairplus.it\/product\/jerry-curly-remy-di-23-o-4-pacchetti-closure\/#breadcrumb\"},\"inLanguage\":\"en-US\",\"potentialAction\":[{\"@type\":\"ReadAction\",\"target\":[\"https:\/\/floxyhairplus.it\/product\/jerry-curly-remy-di-23-o-4-pacchetti-closure\/\"]}]},{\"@type\":\"ImageObject\",\"inLanguage\":\"en-US\",\"@id\":\"https:\/\/floxyhairplus.it\/product\/jerry-curly-remy-di-23-o-4-pacchetti-closure\/#primaryimage\",\"url\":\"https:\/\/floxyhairplus.it\/wp-content\/uploads\/2025\/06\/464D1939-7013-4825-9C4F-BDB6944E457B.webp\",\"contentUrl\":\"https:\/\/floxyhairplus.it\/wp-content\/uploads\/2025\/06\/464D1939-7013-4825-9C4F-BDB6944E457B.webp\",\"width\":1000,\"height\":800},{\"@type\":\"BreadcrumbList\",\"@id\":\"https:\/\/floxyhairplus.it\/product\/jerry-curly-remy-di-23-o-4-pacchetti-closure\/#breadcrumb\",\"itemListElement\":[{\"@type\":\"ListItem\",\"position\":1,\"name\":\"Home\",\"item\":\"https:\/\/floxyhairplus.it\/\"},{\"@type\":\"ListItem\",\"position\":2,\"name\":\"Shop\",\"item\":\"https:\/\/floxyhairplus.it\/en\/shop\/\"},{\"@type\":\"ListItem\",\"position\":3,\"name\":\"Jerry Curly Remy di 2,3 o 4 pacchetti + Closure\"}]},{\"@type\":\"WebSite\",\"@id\":\"https:\/\/floxyhairplus.it\/#website\",\"url\":\"https:\/\/floxyhairplus.it\/\",\"name\":\"Floxy Hair Plus\",\"description\":\"Elevate Your Style, Embrace Your Elegance\",\"publisher\":{\"@id\":\"https:\/\/floxyhairplus.it\/#organization\"},\"potentialAction\":[{\"@type\":\"SearchAction\",\"target\":{\"@type\":\"EntryPoint\",\"urlTemplate\":\"https:\/\/floxyhairplus.it\/?s={search_term_string}\"},\"query-input\":{\"@type\":\"PropertyValueSpecification\",\"valueRequired\":true,\"valueName\":\"search_term_string\"}}],\"inLanguage\":\"en-US\"},{\"@type\":\"Organization\",\"@id\":\"https:\/\/floxyhairplus.it\/#organization\",\"name\":\"Floxy Hair Plus\",\"url\":\"https:\/\/floxyhairplus.it\/\",\"logo\":{\"@type\":\"ImageObject\",\"inLanguage\":\"en-US\",\"@id\":\"https:\/\/floxyhairplus.it\/#\/schema\/logo\/image\/\",\"url\":\"https:\/\/floxyhairplus.it\/wp-content\/uploads\/2025\/07\/logo_fhp1-scaled.webp\",\"contentUrl\":\"https:\/\/floxyhairplus.it\/wp-content\/uploads\/2025\/07\/logo_fhp1-scaled.webp\",\"width\":2560,\"height\":1923,\"caption\":\"Floxy Hair Plus\"},\"image\":{\"@id\":\"https:\/\/floxyhairplus.it\/#\/schema\/logo\/image\/\"}}]}<\/script>\n<!-- \/ Yoast SEO plugin. -->","yoast_head_json":{"title":"Jerry Curly Remy di 2,3 o 4 pacchetti + Closure - Floxy Hair Plus","robots":{"index":"index","follow":"follow","max-snippet":"max-snippet:-1","max-image-preview":"max-image-preview:large","max-video-preview":"max-video-preview:-1"},"canonical":"https:\/\/floxyhairplus.it\/en\/product\/jerry-curly-remy-di-23-o-4-pacchetti-closure\/","og_locale":"en_US","og_type":"article","og_title":"Jerry Curly Remy di 2,3 o 4 pacchetti + Closure - Floxy Hair Plus","og_description":"NOTA BENE: I CAPELLI REMY NON SARANNO PI\u00d9 DISPONIBILI, ORA VENDIAMO SOLO CAPELLI GREZZI(RAW HAIR), Si prega di notare che [&hellip;]","og_url":"https:\/\/floxyhairplus.it\/en\/product\/jerry-curly-remy-di-23-o-4-pacchetti-closure\/","og_site_name":"Floxy Hair Plus","article_modified_time":"2026-01-27T21:03:32+00:00","og_image":[{"width":1000,"height":800,"url":"https:\/\/floxyhairplus.it\/wp-content\/uploads\/2025\/06\/464D1939-7013-4825-9C4F-BDB6944E457B.webp","type":"image\/webp"}],"twitter_card":"summary_large_image","twitter_misc":{"Est. reading time":"1 minute"},"schema":{"@context":"https:\/\/schema.org","@graph":[{"@type":"WebPage","@id":"https:\/\/floxyhairplus.it\/product\/jerry-curly-remy-di-23-o-4-pacchetti-closure\/","url":"https:\/\/floxyhairplus.it\/product\/jerry-curly-remy-di-23-o-4-pacchetti-closure\/","name":"Jerry Curly Remy di 2,3 o 4 pacchetti + Closure - Floxy Hair Plus","isPartOf":{"@id":"https:\/\/floxyhairplus.it\/#website"},"primaryImageOfPage":{"@id":"https:\/\/floxyhairplus.it\/product\/jerry-curly-remy-di-23-o-4-pacchetti-closure\/#primaryimage"},"image":{"@id":"https:\/\/floxyhairplus.it\/product\/jerry-curly-remy-di-23-o-4-pacchetti-closure\/#primaryimage"},"thumbnailUrl":"https:\/\/floxyhairplus.it\/wp-content\/uploads\/2025\/06\/464D1939-7013-4825-9C4F-BDB6944E457B.webp","datePublished":"2026-01-27T20:37:07+00:00","dateModified":"2026-01-27T21:03:32+00:00","breadcrumb":{"@id":"https:\/\/floxyhairplus.it\/product\/jerry-curly-remy-di-23-o-4-pacchetti-closure\/#breadcrumb"},"inLanguage":"en-US","potentialAction":[{"@type":"ReadAction","target":["https:\/\/floxyhairplus.it\/product\/jerry-curly-remy-di-23-o-4-pacchetti-closure\/"]}]},{"@type":"ImageObject","inLanguage":"en-US","@id":"https:\/\/floxyhairplus.it\/product\/jerry-curly-remy-di-23-o-4-pacchetti-closure\/#primaryimage","url":"https:\/\/floxyhairplus.it\/wp-content\/uploads\/2025\/06\/464D1939-7013-4825-9C4F-BDB6944E457B.webp","contentUrl":"https:\/\/floxyhairplus.it\/wp-content\/uploads\/2025\/06\/464D1939-7013-4825-9C4F-BDB6944E457B.webp","width":1000,"height":800},{"@type":"BreadcrumbList","@id":"https:\/\/floxyhairplus.it\/product\/jerry-curly-remy-di-23-o-4-pacchetti-closure\/#breadcrumb","itemListElement":[{"@type":"ListItem","position":1,"name":"Home","item":"https:\/\/floxyhairplus.it\/"},{"@type":"ListItem","position":2,"name":"Shop","item":"https:\/\/floxyhairplus.it\/en\/shop\/"},{"@type":"ListItem","position":3,"name":"Jerry Curly Remy di 2,3 o 4 pacchetti + Closure"}]},{"@type":"WebSite","@id":"https:\/\/floxyhairplus.it\/#website","url":"https:\/\/floxyhairplus.it\/","name":"Floxy Hair Plus","description":"Elevate Your Style, Embrace Your Elegance","publisher":{"@id":"https:\/\/floxyhairplus.it\/#organization"},"potentialAction":[{"@type":"SearchAction","target":{"@type":"EntryPoint","urlTemplate":"https:\/\/floxyhairplus.it\/?s={search_term_string}"},"query-input":{"@type":"PropertyValueSpecification","valueRequired":true,"valueName":"search_term_string"}}],"inLanguage":"en-US"},{"@type":"Organization","@id":"https:\/\/floxyhairplus.it\/#organization","name":"Floxy Hair Plus","url":"https:\/\/floxyhairplus.it\/","logo":{"@type":"ImageObject","inLanguage":"en-US","@id":"https:\/\/floxyhairplus.it\/#\/schema\/logo\/image\/","url":"https:\/\/floxyhairplus.it\/wp-content\/uploads\/2025\/07\/logo_fhp1-scaled.webp","contentUrl":"https:\/\/floxyhairplus.it\/wp-content\/uploads\/2025\/07\/logo_fhp1-scaled.webp","width":2560,"height":1923,"caption":"Floxy Hair Plus"},"image":{"@id":"https:\/\/floxyhairplus.it\/#\/schema\/logo\/image\/"}}]}},"uagb_featured_image_src":{"full":["https:\/\/floxyhairplus.it\/wp-content\/uploads\/2025\/06\/464D1939-7013-4825-9C4F-BDB6944E457B.webp",1000,800,false],"thumbnail":["https:\/\/floxyhairplus.it\/wp-content\/uploads\/2025\/06\/464D1939-7013-4825-9C4F-BDB6944E457B-150x150.webp",150,150,true],"medium":["https:\/\/floxyhairplus.it\/wp-content\/uploads\/2025\/06\/464D1939-7013-4825-9C4F-BDB6944E457B-300x240.webp",300,240,true],"medium_large":["https:\/\/floxyhairplus.it\/wp-content\/uploads\/2025\/06\/464D1939-7013-4825-9C4F-BDB6944E457B-768x614.webp",768,614,true],"large":["https:\/\/floxyhairplus.it\/wp-content\/uploads\/2025\/06\/464D1939-7013-4825-9C4F-BDB6944E457B.webp",1000,800,false],"1536x1536":["https:\/\/floxyhairplus.it\/wp-content\/uploads\/2025\/06\/464D1939-7013-4825-9C4F-BDB6944E457B.webp",1000,800,false],"2048x2048":["https:\/\/floxyhairplus.it\/wp-content\/uploads\/2025\/06\/464D1939-7013-4825-9C4F-BDB6944E457B.webp",1000,800,false],"trp-custom-language-flag":["https:\/\/floxyhairplus.it\/wp-content\/uploads\/2025\/06\/464D1939-7013-4825-9C4F-BDB6944E457B.webp",15,12,false],"woocommerce_thumbnail":["https:\/\/floxyhairplus.it\/wp-content\/uploads\/2025\/06\/464D1939-7013-4825-9C4F-BDB6944E457B-300x300.webp",300,300,true],"woocommerce_single":["https:\/\/floxyhairplus.it\/wp-content\/uploads\/2025\/06\/464D1939-7013-4825-9C4F-BDB6944E457B-600x480.webp",600,480,true],"woocommerce_gallery_thumbnail":["https:\/\/floxyhairplus.it\/wp-content\/uploads\/2025\/06\/464D1939-7013-4825-9C4F-BDB6944E457B-100x100.webp",100,100,true],"variation_swatches_image_size":["https:\/\/floxyhairplus.it\/wp-content\/uploads\/2025\/06\/464D1939-7013-4825-9C4F-BDB6944E457B-50x50.webp",50,50,true],"variation_swatches_tooltip_size":["https:\/\/floxyhairplus.it\/wp-content\/uploads\/2025\/06\/464D1939-7013-4825-9C4F-BDB6944E457B-100x100.webp",100,100,true]},"uagb_author_info":{"display_name":"vita","author_link":"https:\/\/floxyhairplus.it\/en\/author\/"},"uagb_comment_info":0,"uagb_excerpt":"NOTA BENE: I CAPELLI REMY NON SARANNO PI\u00d9 DISPONIBILI, ORA VENDIAMO SOLO CAPELLI GREZZI(RAW HAIR), Si prega di notare che [&hellip;]","_links":{"self":[{"href":"https:\/\/floxyhairplus.it\/en\/wp-json\/wp\/v2\/product\/42942","targetHints":{"allow":["GET"]}}],"collection":[{"href":"https:\/\/floxyhairplus.it\/en\/wp-json\/wp\/v2\/product"}],"about":[{"href":"https:\/\/floxyhairplus.it\/en\/wp-json\/wp\/v2\/types\/product"}],"replies":[{"embeddable":true,"href":"https:\/\/floxyhairplus.it\/en\/wp-json\/wp\/v2\/comments?post=42942"}],"wp:featuredmedia":[{"embeddable":true,"href":"https:\/\/floxyhairplus.it\/en\/wp-json\/wp\/v2\/media\/43453"}],"wp:attachment":[{"href":"https:\/\/floxyhairplus.it\/en\/wp-json\/wp\/v2\/media?parent=42942"}],"wp:term":[{"taxonomy":"product_brand","embeddable":true,"href":"https:\/\/floxyhairplus.it\/en\/wp-json\/wp\/v2\/product_brand?post=42942"},{"taxonomy":"product_cat","embeddable":true,"href":"https:\/\/floxyhairplus.it\/en\/wp-json\/wp\/v2\/product_cat?post=42942"},{"taxonomy":"product_tag","embeddable":true,"href":"https:\/\/floxyhairplus.it\/en\/wp-json\/wp\/v2\/product_tag?post=42942"}],"curies":[{"name":"wp","href":"https:\/\/api.w.org\/{rel}","templated":true}]}}