{"id":42948,"date":"2026-01-27T20:37:06","date_gmt":"2026-01-27T20:37:06","guid":{"rendered":"https:\/\/floxyhairplus.it\/?post_type=product&#038;p=42948"},"modified":"2026-01-27T21:28:58","modified_gmt":"2026-01-27T21:28:58","slug":"double-drawn-lisce-naturale-2","status":"publish","type":"product","link":"https:\/\/floxyhairplus.it\/en\/product\/double-drawn-lisce-naturale-2\/","title":{"rendered":"Double drawn Lisce Naturale"},"content":{"rendered":"<p>Floxyhairplus \u00e8 orgogliosa di presentare i suoi nuovi capelli \u00a0Drawn Straight di qualit\u00e0 premium. Questa doppia estrazione \u00e8 la nostra extension premium esclusivamente da Floxyhairplus Luxury Hair.<\/p>\n<p>I capelli d\u00ec double drawn subiscono un ulteriore processo durante la produzione. I capelli pi\u00f9 corti vengono rimossi a mano e non da una macchina. e poi i capelli sono cuciti nella matassa. Ci\u00f2 aumenta in modo significativo la qualit\u00e0 delle extension dei capelli e offre un aspetto pi\u00f9 sano e completo delle extensions. Si tratta delle Extensions di lucentezze , setose di qualit\u00e0 superiore. Il nostro double drawn \u00e8 100% Remy Hair, il che significa che le cuticole corrono nella stessa direzione. Ci\u00f2 si traducono in Capelli Senza grovigli , voluminosi, lucenti.<\/p>\n<p>Questa tessitura in double drawn \u00a0ha circa il 75% all&#8217;80% capelli lunghi dentro, disponibile anche la super double drawn.<\/p>","protected":false},"excerpt":{"rendered":"<p>Floxyhairplus \u00e8 orgogliosa di presentare i suoi nuovi capelli \u00a0Drawn Straight di qualit\u00e0 premium. Questa doppia estrazione \u00e8 la nostra [&hellip;]<\/p>","protected":false},"featured_media":41347,"comment_status":"closed","ping_status":"closed","template":"","meta":{"_acf_changed":false,"_uag_custom_page_level_css":"","site-sidebar-layout":"default","site-content-layout":"","ast-site-content-layout":"default","site-content-style":"default","site-sidebar-style":"default","ast-global-header-display":"","ast-banner-title-visibility":"","ast-main-header-display":"","ast-hfb-above-header-display":"","ast-hfb-below-header-display":"","ast-hfb-mobile-header-display":"","site-post-title":"","ast-breadcrumbs-content":"","ast-featured-img":"","footer-sml-layout":"","theme-transparent-header-meta":"default","adv-header-id-meta":"","stick-header-meta":"","header-above-stick-meta":"","header-main-stick-meta":"","header-below-stick-meta":"","astra-migrate-meta-layouts":"set","ast-page-background-enabled":"default","ast-page-background-meta":{"desktop":{"background-color":"var(--ast-global-color-4)","background-image":"","background-repeat":"repeat","background-position":"center center","background-size":"auto","background-attachment":"scroll","background-type":"","background-media":"","overlay-type":"","overlay-color":"","overlay-opacity":"","overlay-gradient":""},"tablet":{"background-color":"","background-image":"","background-repeat":"repeat","background-position":"center center","background-size":"auto","background-attachment":"scroll","background-type":"","background-media":"","overlay-type":"","overlay-color":"","overlay-opacity":"","overlay-gradient":""},"mobile":{"background-color":"","background-image":"","background-repeat":"repeat","background-position":"center center","background-size":"auto","background-attachment":"scroll","background-type":"","background-media":"","overlay-type":"","overlay-color":"","overlay-opacity":"","overlay-gradient":""}},"ast-content-background-meta":{"desktop":{"background-color":"var(--ast-global-color-5)","background-image":"","background-repeat":"repeat","background-position":"center center","background-size":"auto","background-attachment":"scroll","background-type":"","background-media":"","overlay-type":"","overlay-color":"","overlay-opacity":"","overlay-gradient":""},"tablet":{"background-color":"var(--ast-global-color-5)","background-image":"","background-repeat":"repeat","background-position":"center center","background-size":"auto","background-attachment":"scroll","background-type":"","background-media":"","overlay-type":"","overlay-color":"","overlay-opacity":"","overlay-gradient":""},"mobile":{"background-color":"var(--ast-global-color-5)","background-image":"","background-repeat":"repeat","background-position":"center center","background-size":"auto","background-attachment":"scroll","background-type":"","background-media":"","overlay-type":"","overlay-color":"","overlay-opacity":"","overlay-gradient":""}}},"product_brand":[],"product_cat":[526,528,389,65,243,66],"product_tag":[],"class_list":{"0":"post-42948","1":"product","2":"type-product","3":"status-publish","4":"has-post-thumbnail","6":"product_cat-doppia-selezione","7":"product_cat-double-drawn","8":"product_cat-hair-care-and-accessories","9":"product_cat-straight","10":"product_cat-tessiture","11":"product_cat-virgin-remy","12":"desktop-align-center","13":"tablet-align-center","14":"mobile-align-center","15":"tm-no-options","17":"first","18":"instock","19":"taxable","20":"shipping-taxable","21":"purchasable","22":"product-type-variable"},"acf":[],"yoast_head":"<!-- This site is optimized with the Yoast SEO plugin v26.3 - https:\/\/yoast.com\/wordpress\/plugins\/seo\/ -->\n<title>Double drawn Lisce Naturale - Floxy Hair Plus<\/title>\n<meta name=\"robots\" content=\"index, follow, max-snippet:-1, max-image-preview:large, max-video-preview:-1\" \/>\n<link rel=\"canonical\" href=\"https:\/\/floxyhairplus.it\/en\/product\/double-drawn-lisce-naturale-2\/\" \/>\n<meta property=\"og:locale\" content=\"en_US\" \/>\n<meta property=\"og:type\" content=\"article\" \/>\n<meta property=\"og:title\" content=\"Double drawn Lisce Naturale - Floxy Hair Plus\" \/>\n<meta property=\"og:description\" content=\"Floxyhairplus \u00e8 orgogliosa di presentare i suoi nuovi capelli \u00a0Drawn Straight di qualit\u00e0 premium. Questa doppia estrazione \u00e8 la nostra [&hellip;]\" \/>\n<meta property=\"og:url\" content=\"https:\/\/floxyhairplus.it\/en\/product\/double-drawn-lisce-naturale-2\/\" \/>\n<meta property=\"og:site_name\" content=\"Floxy Hair Plus\" \/>\n<meta property=\"article:modified_time\" content=\"2026-01-27T21:28:58+00:00\" \/>\n<meta property=\"og:image\" content=\"https:\/\/floxyhairplus.it\/wp-content\/uploads\/2025\/04\/double-drawn.jpeg\" \/>\n\t<meta property=\"og:image:width\" content=\"800\" \/>\n\t<meta property=\"og:image:height\" content=\"1326\" \/>\n\t<meta property=\"og:image:type\" content=\"image\/jpeg\" \/>\n<meta name=\"twitter:card\" content=\"summary_large_image\" \/>\n<meta name=\"twitter:label1\" content=\"Est. reading time\" \/>\n\t<meta name=\"twitter:data1\" content=\"1 minute\" \/>\n<script type=\"application\/ld+json\" class=\"yoast-schema-graph\">{\"@context\":\"https:\/\/schema.org\",\"@graph\":[{\"@type\":\"WebPage\",\"@id\":\"https:\/\/floxyhairplus.it\/product\/double-drawn-lisce-naturale-2\/\",\"url\":\"https:\/\/floxyhairplus.it\/product\/double-drawn-lisce-naturale-2\/\",\"name\":\"Double drawn Lisce Naturale - Floxy Hair Plus\",\"isPartOf\":{\"@id\":\"https:\/\/floxyhairplus.it\/#website\"},\"primaryImageOfPage\":{\"@id\":\"https:\/\/floxyhairplus.it\/product\/double-drawn-lisce-naturale-2\/#primaryimage\"},\"image\":{\"@id\":\"https:\/\/floxyhairplus.it\/product\/double-drawn-lisce-naturale-2\/#primaryimage\"},\"thumbnailUrl\":\"https:\/\/floxyhairplus.it\/wp-content\/uploads\/2025\/04\/double-drawn.jpeg\",\"datePublished\":\"2026-01-27T20:37:06+00:00\",\"dateModified\":\"2026-01-27T21:28:58+00:00\",\"breadcrumb\":{\"@id\":\"https:\/\/floxyhairplus.it\/product\/double-drawn-lisce-naturale-2\/#breadcrumb\"},\"inLanguage\":\"en-US\",\"potentialAction\":[{\"@type\":\"ReadAction\",\"target\":[\"https:\/\/floxyhairplus.it\/product\/double-drawn-lisce-naturale-2\/\"]}]},{\"@type\":\"ImageObject\",\"inLanguage\":\"en-US\",\"@id\":\"https:\/\/floxyhairplus.it\/product\/double-drawn-lisce-naturale-2\/#primaryimage\",\"url\":\"https:\/\/floxyhairplus.it\/wp-content\/uploads\/2025\/04\/double-drawn.jpeg\",\"contentUrl\":\"https:\/\/floxyhairplus.it\/wp-content\/uploads\/2025\/04\/double-drawn.jpeg\",\"width\":800,\"height\":1326,\"caption\":\"Double Drawn\"},{\"@type\":\"BreadcrumbList\",\"@id\":\"https:\/\/floxyhairplus.it\/product\/double-drawn-lisce-naturale-2\/#breadcrumb\",\"itemListElement\":[{\"@type\":\"ListItem\",\"position\":1,\"name\":\"Home\",\"item\":\"https:\/\/floxyhairplus.it\/\"},{\"@type\":\"ListItem\",\"position\":2,\"name\":\"Shop\",\"item\":\"https:\/\/floxyhairplus.it\/en\/shop\/\"},{\"@type\":\"ListItem\",\"position\":3,\"name\":\"Double drawn Lisce Naturale\"}]},{\"@type\":\"WebSite\",\"@id\":\"https:\/\/floxyhairplus.it\/#website\",\"url\":\"https:\/\/floxyhairplus.it\/\",\"name\":\"Floxy Hair Plus\",\"description\":\"Elevate Your Style, Embrace Your Elegance\",\"publisher\":{\"@id\":\"https:\/\/floxyhairplus.it\/#organization\"},\"potentialAction\":[{\"@type\":\"SearchAction\",\"target\":{\"@type\":\"EntryPoint\",\"urlTemplate\":\"https:\/\/floxyhairplus.it\/?s={search_term_string}\"},\"query-input\":{\"@type\":\"PropertyValueSpecification\",\"valueRequired\":true,\"valueName\":\"search_term_string\"}}],\"inLanguage\":\"en-US\"},{\"@type\":\"Organization\",\"@id\":\"https:\/\/floxyhairplus.it\/#organization\",\"name\":\"Floxy Hair Plus\",\"url\":\"https:\/\/floxyhairplus.it\/\",\"logo\":{\"@type\":\"ImageObject\",\"inLanguage\":\"en-US\",\"@id\":\"https:\/\/floxyhairplus.it\/#\/schema\/logo\/image\/\",\"url\":\"https:\/\/floxyhairplus.it\/wp-content\/uploads\/2025\/07\/logo_fhp1-scaled.webp\",\"contentUrl\":\"https:\/\/floxyhairplus.it\/wp-content\/uploads\/2025\/07\/logo_fhp1-scaled.webp\",\"width\":2560,\"height\":1923,\"caption\":\"Floxy Hair Plus\"},\"image\":{\"@id\":\"https:\/\/floxyhairplus.it\/#\/schema\/logo\/image\/\"}}]}<\/script>\n<!-- \/ Yoast SEO plugin. -->","yoast_head_json":{"title":"Double drawn Lisce Naturale - Floxy Hair Plus","robots":{"index":"index","follow":"follow","max-snippet":"max-snippet:-1","max-image-preview":"max-image-preview:large","max-video-preview":"max-video-preview:-1"},"canonical":"https:\/\/floxyhairplus.it\/en\/product\/double-drawn-lisce-naturale-2\/","og_locale":"en_US","og_type":"article","og_title":"Double drawn Lisce Naturale - Floxy Hair Plus","og_description":"Floxyhairplus \u00e8 orgogliosa di presentare i suoi nuovi capelli \u00a0Drawn Straight di qualit\u00e0 premium. Questa doppia estrazione \u00e8 la nostra [&hellip;]","og_url":"https:\/\/floxyhairplus.it\/en\/product\/double-drawn-lisce-naturale-2\/","og_site_name":"Floxy Hair Plus","article_modified_time":"2026-01-27T21:28:58+00:00","og_image":[{"width":800,"height":1326,"url":"https:\/\/floxyhairplus.it\/wp-content\/uploads\/2025\/04\/double-drawn.jpeg","type":"image\/jpeg"}],"twitter_card":"summary_large_image","twitter_misc":{"Est. reading time":"1 minute"},"schema":{"@context":"https:\/\/schema.org","@graph":[{"@type":"WebPage","@id":"https:\/\/floxyhairplus.it\/product\/double-drawn-lisce-naturale-2\/","url":"https:\/\/floxyhairplus.it\/product\/double-drawn-lisce-naturale-2\/","name":"Double drawn Lisce Naturale - Floxy Hair Plus","isPartOf":{"@id":"https:\/\/floxyhairplus.it\/#website"},"primaryImageOfPage":{"@id":"https:\/\/floxyhairplus.it\/product\/double-drawn-lisce-naturale-2\/#primaryimage"},"image":{"@id":"https:\/\/floxyhairplus.it\/product\/double-drawn-lisce-naturale-2\/#primaryimage"},"thumbnailUrl":"https:\/\/floxyhairplus.it\/wp-content\/uploads\/2025\/04\/double-drawn.jpeg","datePublished":"2026-01-27T20:37:06+00:00","dateModified":"2026-01-27T21:28:58+00:00","breadcrumb":{"@id":"https:\/\/floxyhairplus.it\/product\/double-drawn-lisce-naturale-2\/#breadcrumb"},"inLanguage":"en-US","potentialAction":[{"@type":"ReadAction","target":["https:\/\/floxyhairplus.it\/product\/double-drawn-lisce-naturale-2\/"]}]},{"@type":"ImageObject","inLanguage":"en-US","@id":"https:\/\/floxyhairplus.it\/product\/double-drawn-lisce-naturale-2\/#primaryimage","url":"https:\/\/floxyhairplus.it\/wp-content\/uploads\/2025\/04\/double-drawn.jpeg","contentUrl":"https:\/\/floxyhairplus.it\/wp-content\/uploads\/2025\/04\/double-drawn.jpeg","width":800,"height":1326,"caption":"Double Drawn"},{"@type":"BreadcrumbList","@id":"https:\/\/floxyhairplus.it\/product\/double-drawn-lisce-naturale-2\/#breadcrumb","itemListElement":[{"@type":"ListItem","position":1,"name":"Home","item":"https:\/\/floxyhairplus.it\/"},{"@type":"ListItem","position":2,"name":"Shop","item":"https:\/\/floxyhairplus.it\/en\/shop\/"},{"@type":"ListItem","position":3,"name":"Double drawn Lisce Naturale"}]},{"@type":"WebSite","@id":"https:\/\/floxyhairplus.it\/#website","url":"https:\/\/floxyhairplus.it\/","name":"Floxy Hair Plus","description":"Elevate Your Style, Embrace Your Elegance","publisher":{"@id":"https:\/\/floxyhairplus.it\/#organization"},"potentialAction":[{"@type":"SearchAction","target":{"@type":"EntryPoint","urlTemplate":"https:\/\/floxyhairplus.it\/?s={search_term_string}"},"query-input":{"@type":"PropertyValueSpecification","valueRequired":true,"valueName":"search_term_string"}}],"inLanguage":"en-US"},{"@type":"Organization","@id":"https:\/\/floxyhairplus.it\/#organization","name":"Floxy Hair Plus","url":"https:\/\/floxyhairplus.it\/","logo":{"@type":"ImageObject","inLanguage":"en-US","@id":"https:\/\/floxyhairplus.it\/#\/schema\/logo\/image\/","url":"https:\/\/floxyhairplus.it\/wp-content\/uploads\/2025\/07\/logo_fhp1-scaled.webp","contentUrl":"https:\/\/floxyhairplus.it\/wp-content\/uploads\/2025\/07\/logo_fhp1-scaled.webp","width":2560,"height":1923,"caption":"Floxy Hair Plus"},"image":{"@id":"https:\/\/floxyhairplus.it\/#\/schema\/logo\/image\/"}}]}},"uagb_featured_image_src":{"full":["https:\/\/floxyhairplus.it\/wp-content\/uploads\/2025\/04\/double-drawn.jpeg",800,1326,false],"thumbnail":["https:\/\/floxyhairplus.it\/wp-content\/uploads\/2025\/04\/double-drawn-150x150.jpeg",150,150,true],"medium":["https:\/\/floxyhairplus.it\/wp-content\/uploads\/2025\/04\/double-drawn-181x300.jpeg",181,300,true],"medium_large":["https:\/\/floxyhairplus.it\/wp-content\/uploads\/2025\/04\/double-drawn-768x1273.jpeg",768,1273,true],"large":["https:\/\/floxyhairplus.it\/wp-content\/uploads\/2025\/04\/double-drawn-618x1024.jpeg",618,1024,true],"1536x1536":["https:\/\/floxyhairplus.it\/wp-content\/uploads\/2025\/04\/double-drawn.jpeg",800,1326,false],"2048x2048":["https:\/\/floxyhairplus.it\/wp-content\/uploads\/2025\/04\/double-drawn.jpeg",800,1326,false],"trp-custom-language-flag":["https:\/\/floxyhairplus.it\/wp-content\/uploads\/2025\/04\/double-drawn.jpeg",7,12,false],"woocommerce_thumbnail":["https:\/\/floxyhairplus.it\/wp-content\/uploads\/2025\/04\/double-drawn-300x300.jpeg",300,300,true],"woocommerce_single":["https:\/\/floxyhairplus.it\/wp-content\/uploads\/2025\/04\/double-drawn-600x995.jpeg",600,995,true],"woocommerce_gallery_thumbnail":["https:\/\/floxyhairplus.it\/wp-content\/uploads\/2025\/04\/double-drawn-100x100.jpeg",100,100,true],"variation_swatches_image_size":["https:\/\/floxyhairplus.it\/wp-content\/uploads\/2025\/04\/double-drawn.jpeg",30,50,false],"variation_swatches_tooltip_size":["https:\/\/floxyhairplus.it\/wp-content\/uploads\/2025\/04\/double-drawn.jpeg",60,100,false]},"uagb_author_info":{"display_name":"vita","author_link":"https:\/\/floxyhairplus.it\/en\/author\/"},"uagb_comment_info":0,"uagb_excerpt":"Floxyhairplus \u00e8 orgogliosa di presentare i suoi nuovi capelli \u00a0Drawn Straight di qualit\u00e0 premium. Questa doppia estrazione \u00e8 la nostra [&hellip;]","_links":{"self":[{"href":"https:\/\/floxyhairplus.it\/en\/wp-json\/wp\/v2\/product\/42948","targetHints":{"allow":["GET"]}}],"collection":[{"href":"https:\/\/floxyhairplus.it\/en\/wp-json\/wp\/v2\/product"}],"about":[{"href":"https:\/\/floxyhairplus.it\/en\/wp-json\/wp\/v2\/types\/product"}],"replies":[{"embeddable":true,"href":"https:\/\/floxyhairplus.it\/en\/wp-json\/wp\/v2\/comments?post=42948"}],"wp:featuredmedia":[{"embeddable":true,"href":"https:\/\/floxyhairplus.it\/en\/wp-json\/wp\/v2\/media\/41347"}],"wp:attachment":[{"href":"https:\/\/floxyhairplus.it\/en\/wp-json\/wp\/v2\/media?parent=42948"}],"wp:term":[{"taxonomy":"product_brand","embeddable":true,"href":"https:\/\/floxyhairplus.it\/en\/wp-json\/wp\/v2\/product_brand?post=42948"},{"taxonomy":"product_cat","embeddable":true,"href":"https:\/\/floxyhairplus.it\/en\/wp-json\/wp\/v2\/product_cat?post=42948"},{"taxonomy":"product_tag","embeddable":true,"href":"https:\/\/floxyhairplus.it\/en\/wp-json\/wp\/v2\/product_tag?post=42948"}],"curies":[{"name":"wp","href":"https:\/\/api.w.org\/{rel}","templated":true}]}}