{"id":43335,"date":"2026-01-27T20:37:07","date_gmt":"2026-01-27T20:37:07","guid":{"rendered":"https:\/\/floxyhairplus.it\/?post_type=product&#038;p=43335"},"modified":"2026-01-27T21:07:24","modified_gmt":"2026-01-27T21:07:24","slug":"extension-lisce-vibrante-naturale-ombre","status":"publish","type":"product","link":"https:\/\/floxyhairplus.it\/en\/product\/extension-lisce-vibrante-naturale-ombre\/","title":{"rendered":"extension lisce vibrante naturale ombr\u00e9"},"content":{"rendered":"<p>La struttura di liscia naturale \u00e8 lucentezza e setosa e la brillantezza naturale.<br \/>\n\u00c8 Facile da arricciare e lisciare mantenendo bene la piega. Ogni fascia \u00e8 di 100g<br \/>\nTrasforma te stesse con le Extension vibrante body wave tessiture di floxyhairplus. Abbiamo reso facile avere le extension perfettamente decolorate.<br \/>\nQuesti blocchi sono perfetti per essere indossati come \u00e8, e anche per fornire colori di base per i lavori di tintura personalizzata. Fateci sapere che colore \/ stile che si sta tentando di raggiungere e vi consiglieremo su cui colore di base per iniziare e le lunghezze per selezionare.<br \/>\nSi prega di notare anche come i capelli sono stati elaborati per ottenere i colori personalizzati che hanno bisogno di pi\u00f9 cura e l\u2019idratazione per garantire che si mantengono la morbidezza e per ridurre al minimo il groviglio<\/p>","protected":false},"excerpt":{"rendered":"<p>La struttura di liscia naturale \u00e8 lucentezza e setosa e la brillantezza naturale. \u00c8 Facile da arricciare e lisciare mantenendo [&hellip;]<\/p>","protected":false},"featured_media":43513,"comment_status":"closed","ping_status":"closed","template":"","meta":{"_acf_changed":false,"_uag_custom_page_level_css":"","site-sidebar-layout":"default","site-content-layout":"","ast-site-content-layout":"default","site-content-style":"default","site-sidebar-style":"default","ast-global-header-display":"","ast-banner-title-visibility":"","ast-main-header-display":"","ast-hfb-above-header-display":"","ast-hfb-below-header-display":"","ast-hfb-mobile-header-display":"","site-post-title":"","ast-breadcrumbs-content":"","ast-featured-img":"","footer-sml-layout":"","theme-transparent-header-meta":"default","adv-header-id-meta":"","stick-header-meta":"","header-above-stick-meta":"","header-main-stick-meta":"","header-below-stick-meta":"","astra-migrate-meta-layouts":"set","ast-page-background-enabled":"default","ast-page-background-meta":{"desktop":{"background-color":"var(--ast-global-color-4)","background-image":"","background-repeat":"repeat","background-position":"center center","background-size":"auto","background-attachment":"scroll","background-type":"","background-media":"","overlay-type":"","overlay-color":"","overlay-opacity":"","overlay-gradient":""},"tablet":{"background-color":"","background-image":"","background-repeat":"repeat","background-position":"center center","background-size":"auto","background-attachment":"scroll","background-type":"","background-media":"","overlay-type":"","overlay-color":"","overlay-opacity":"","overlay-gradient":""},"mobile":{"background-color":"","background-image":"","background-repeat":"repeat","background-position":"center center","background-size":"auto","background-attachment":"scroll","background-type":"","background-media":"","overlay-type":"","overlay-color":"","overlay-opacity":"","overlay-gradient":""}},"ast-content-background-meta":{"desktop":{"background-color":"var(--ast-global-color-5)","background-image":"","background-repeat":"repeat","background-position":"center center","background-size":"auto","background-attachment":"scroll","background-type":"","background-media":"","overlay-type":"","overlay-color":"","overlay-opacity":"","overlay-gradient":""},"tablet":{"background-color":"var(--ast-global-color-5)","background-image":"","background-repeat":"repeat","background-position":"center center","background-size":"auto","background-attachment":"scroll","background-type":"","background-media":"","overlay-type":"","overlay-color":"","overlay-opacity":"","overlay-gradient":""},"mobile":{"background-color":"var(--ast-global-color-5)","background-image":"","background-repeat":"repeat","background-position":"center center","background-size":"auto","background-attachment":"scroll","background-type":"","background-media":"","overlay-type":"","overlay-color":"","overlay-opacity":"","overlay-gradient":""}}},"product_brand":[],"product_cat":[105,245,94,243],"product_tag":[],"class_list":{"0":"post-43335","1":"product","2":"type-product","3":"status-publish","4":"has-post-thumbnail","6":"product_cat-normal-drawn","7":"product_cat-single-drawn","8":"product_cat-straight-shop-by-hair-texture","9":"product_cat-tessiture","10":"desktop-align-center","11":"tablet-align-center","12":"mobile-align-center","13":"tm-no-options","15":"first","16":"instock","17":"taxable","18":"shipping-taxable","19":"purchasable","20":"product-type-variable"},"acf":[],"yoast_head":"<!-- This site is optimized with the Yoast SEO plugin v26.3 - https:\/\/yoast.com\/wordpress\/plugins\/seo\/ -->\n<title>extension lisce vibrante naturale ombr\u00e9 - Floxy Hair Plus<\/title>\n<meta name=\"robots\" content=\"index, follow, max-snippet:-1, max-image-preview:large, max-video-preview:-1\" \/>\n<link rel=\"canonical\" href=\"https:\/\/floxyhairplus.it\/en\/product\/extension-lisce-vibrante-naturale-ombre\/\" \/>\n<meta property=\"og:locale\" content=\"en_US\" \/>\n<meta property=\"og:type\" content=\"article\" \/>\n<meta property=\"og:title\" content=\"extension lisce vibrante naturale ombr\u00e9 - Floxy Hair Plus\" \/>\n<meta property=\"og:description\" content=\"La struttura di liscia naturale \u00e8 lucentezza e setosa e la brillantezza naturale. \u00c8 Facile da arricciare e lisciare mantenendo [&hellip;]\" \/>\n<meta property=\"og:url\" content=\"https:\/\/floxyhairplus.it\/en\/product\/extension-lisce-vibrante-naturale-ombre\/\" \/>\n<meta property=\"og:site_name\" content=\"Floxy Hair Plus\" \/>\n<meta property=\"article:modified_time\" content=\"2026-01-27T21:07:24+00:00\" \/>\n<meta property=\"og:image\" content=\"https:\/\/floxyhairplus.it\/wp-content\/uploads\/2025\/06\/blone7-2-1-1.webp\" \/>\n\t<meta property=\"og:image:width\" content=\"384\" \/>\n\t<meta property=\"og:image:height\" content=\"445\" \/>\n\t<meta property=\"og:image:type\" content=\"image\/webp\" \/>\n<meta name=\"twitter:card\" content=\"summary_large_image\" \/>\n<meta name=\"twitter:label1\" content=\"Est. reading time\" \/>\n\t<meta name=\"twitter:data1\" content=\"1 minute\" \/>\n<script type=\"application\/ld+json\" class=\"yoast-schema-graph\">{\"@context\":\"https:\/\/schema.org\",\"@graph\":[{\"@type\":\"WebPage\",\"@id\":\"https:\/\/floxyhairplus.it\/product\/extension-lisce-vibrante-naturale-ombre\/\",\"url\":\"https:\/\/floxyhairplus.it\/product\/extension-lisce-vibrante-naturale-ombre\/\",\"name\":\"extension lisce vibrante naturale ombr\u00e9 - Floxy Hair Plus\",\"isPartOf\":{\"@id\":\"https:\/\/floxyhairplus.it\/#website\"},\"primaryImageOfPage\":{\"@id\":\"https:\/\/floxyhairplus.it\/product\/extension-lisce-vibrante-naturale-ombre\/#primaryimage\"},\"image\":{\"@id\":\"https:\/\/floxyhairplus.it\/product\/extension-lisce-vibrante-naturale-ombre\/#primaryimage\"},\"thumbnailUrl\":\"https:\/\/floxyhairplus.it\/wp-content\/uploads\/2025\/06\/blone7-2-1-1.webp\",\"datePublished\":\"2026-01-27T20:37:07+00:00\",\"dateModified\":\"2026-01-27T21:07:24+00:00\",\"breadcrumb\":{\"@id\":\"https:\/\/floxyhairplus.it\/product\/extension-lisce-vibrante-naturale-ombre\/#breadcrumb\"},\"inLanguage\":\"en-US\",\"potentialAction\":[{\"@type\":\"ReadAction\",\"target\":[\"https:\/\/floxyhairplus.it\/product\/extension-lisce-vibrante-naturale-ombre\/\"]}]},{\"@type\":\"ImageObject\",\"inLanguage\":\"en-US\",\"@id\":\"https:\/\/floxyhairplus.it\/product\/extension-lisce-vibrante-naturale-ombre\/#primaryimage\",\"url\":\"https:\/\/floxyhairplus.it\/wp-content\/uploads\/2025\/06\/blone7-2-1-1.webp\",\"contentUrl\":\"https:\/\/floxyhairplus.it\/wp-content\/uploads\/2025\/06\/blone7-2-1-1.webp\",\"width\":384,\"height\":445},{\"@type\":\"BreadcrumbList\",\"@id\":\"https:\/\/floxyhairplus.it\/product\/extension-lisce-vibrante-naturale-ombre\/#breadcrumb\",\"itemListElement\":[{\"@type\":\"ListItem\",\"position\":1,\"name\":\"Home\",\"item\":\"https:\/\/floxyhairplus.it\/\"},{\"@type\":\"ListItem\",\"position\":2,\"name\":\"Shop\",\"item\":\"https:\/\/floxyhairplus.it\/en\/shop\/\"},{\"@type\":\"ListItem\",\"position\":3,\"name\":\"extension lisce vibrante naturale ombr\u00e9\"}]},{\"@type\":\"WebSite\",\"@id\":\"https:\/\/floxyhairplus.it\/#website\",\"url\":\"https:\/\/floxyhairplus.it\/\",\"name\":\"Floxy Hair Plus\",\"description\":\"Elevate Your Style, Embrace Your Elegance\",\"publisher\":{\"@id\":\"https:\/\/floxyhairplus.it\/#organization\"},\"potentialAction\":[{\"@type\":\"SearchAction\",\"target\":{\"@type\":\"EntryPoint\",\"urlTemplate\":\"https:\/\/floxyhairplus.it\/?s={search_term_string}\"},\"query-input\":{\"@type\":\"PropertyValueSpecification\",\"valueRequired\":true,\"valueName\":\"search_term_string\"}}],\"inLanguage\":\"en-US\"},{\"@type\":\"Organization\",\"@id\":\"https:\/\/floxyhairplus.it\/#organization\",\"name\":\"Floxy Hair Plus\",\"url\":\"https:\/\/floxyhairplus.it\/\",\"logo\":{\"@type\":\"ImageObject\",\"inLanguage\":\"en-US\",\"@id\":\"https:\/\/floxyhairplus.it\/#\/schema\/logo\/image\/\",\"url\":\"https:\/\/floxyhairplus.it\/wp-content\/uploads\/2025\/07\/logo_fhp1-scaled.webp\",\"contentUrl\":\"https:\/\/floxyhairplus.it\/wp-content\/uploads\/2025\/07\/logo_fhp1-scaled.webp\",\"width\":2560,\"height\":1923,\"caption\":\"Floxy Hair Plus\"},\"image\":{\"@id\":\"https:\/\/floxyhairplus.it\/#\/schema\/logo\/image\/\"}}]}<\/script>\n<!-- \/ Yoast SEO plugin. -->","yoast_head_json":{"title":"extension lisce vibrante naturale ombr\u00e9 - Floxy Hair Plus","robots":{"index":"index","follow":"follow","max-snippet":"max-snippet:-1","max-image-preview":"max-image-preview:large","max-video-preview":"max-video-preview:-1"},"canonical":"https:\/\/floxyhairplus.it\/en\/product\/extension-lisce-vibrante-naturale-ombre\/","og_locale":"en_US","og_type":"article","og_title":"extension lisce vibrante naturale ombr\u00e9 - Floxy Hair Plus","og_description":"La struttura di liscia naturale \u00e8 lucentezza e setosa e la brillantezza naturale. \u00c8 Facile da arricciare e lisciare mantenendo [&hellip;]","og_url":"https:\/\/floxyhairplus.it\/en\/product\/extension-lisce-vibrante-naturale-ombre\/","og_site_name":"Floxy Hair Plus","article_modified_time":"2026-01-27T21:07:24+00:00","og_image":[{"width":384,"height":445,"url":"https:\/\/floxyhairplus.it\/wp-content\/uploads\/2025\/06\/blone7-2-1-1.webp","type":"image\/webp"}],"twitter_card":"summary_large_image","twitter_misc":{"Est. reading time":"1 minute"},"schema":{"@context":"https:\/\/schema.org","@graph":[{"@type":"WebPage","@id":"https:\/\/floxyhairplus.it\/product\/extension-lisce-vibrante-naturale-ombre\/","url":"https:\/\/floxyhairplus.it\/product\/extension-lisce-vibrante-naturale-ombre\/","name":"extension lisce vibrante naturale ombr\u00e9 - Floxy Hair Plus","isPartOf":{"@id":"https:\/\/floxyhairplus.it\/#website"},"primaryImageOfPage":{"@id":"https:\/\/floxyhairplus.it\/product\/extension-lisce-vibrante-naturale-ombre\/#primaryimage"},"image":{"@id":"https:\/\/floxyhairplus.it\/product\/extension-lisce-vibrante-naturale-ombre\/#primaryimage"},"thumbnailUrl":"https:\/\/floxyhairplus.it\/wp-content\/uploads\/2025\/06\/blone7-2-1-1.webp","datePublished":"2026-01-27T20:37:07+00:00","dateModified":"2026-01-27T21:07:24+00:00","breadcrumb":{"@id":"https:\/\/floxyhairplus.it\/product\/extension-lisce-vibrante-naturale-ombre\/#breadcrumb"},"inLanguage":"en-US","potentialAction":[{"@type":"ReadAction","target":["https:\/\/floxyhairplus.it\/product\/extension-lisce-vibrante-naturale-ombre\/"]}]},{"@type":"ImageObject","inLanguage":"en-US","@id":"https:\/\/floxyhairplus.it\/product\/extension-lisce-vibrante-naturale-ombre\/#primaryimage","url":"https:\/\/floxyhairplus.it\/wp-content\/uploads\/2025\/06\/blone7-2-1-1.webp","contentUrl":"https:\/\/floxyhairplus.it\/wp-content\/uploads\/2025\/06\/blone7-2-1-1.webp","width":384,"height":445},{"@type":"BreadcrumbList","@id":"https:\/\/floxyhairplus.it\/product\/extension-lisce-vibrante-naturale-ombre\/#breadcrumb","itemListElement":[{"@type":"ListItem","position":1,"name":"Home","item":"https:\/\/floxyhairplus.it\/"},{"@type":"ListItem","position":2,"name":"Shop","item":"https:\/\/floxyhairplus.it\/en\/shop\/"},{"@type":"ListItem","position":3,"name":"extension lisce vibrante naturale ombr\u00e9"}]},{"@type":"WebSite","@id":"https:\/\/floxyhairplus.it\/#website","url":"https:\/\/floxyhairplus.it\/","name":"Floxy Hair Plus","description":"Elevate Your Style, Embrace Your Elegance","publisher":{"@id":"https:\/\/floxyhairplus.it\/#organization"},"potentialAction":[{"@type":"SearchAction","target":{"@type":"EntryPoint","urlTemplate":"https:\/\/floxyhairplus.it\/?s={search_term_string}"},"query-input":{"@type":"PropertyValueSpecification","valueRequired":true,"valueName":"search_term_string"}}],"inLanguage":"en-US"},{"@type":"Organization","@id":"https:\/\/floxyhairplus.it\/#organization","name":"Floxy Hair Plus","url":"https:\/\/floxyhairplus.it\/","logo":{"@type":"ImageObject","inLanguage":"en-US","@id":"https:\/\/floxyhairplus.it\/#\/schema\/logo\/image\/","url":"https:\/\/floxyhairplus.it\/wp-content\/uploads\/2025\/07\/logo_fhp1-scaled.webp","contentUrl":"https:\/\/floxyhairplus.it\/wp-content\/uploads\/2025\/07\/logo_fhp1-scaled.webp","width":2560,"height":1923,"caption":"Floxy Hair Plus"},"image":{"@id":"https:\/\/floxyhairplus.it\/#\/schema\/logo\/image\/"}}]}},"uagb_featured_image_src":{"full":["https:\/\/floxyhairplus.it\/wp-content\/uploads\/2025\/06\/blone7-2-1-1.webp",384,445,false],"thumbnail":["https:\/\/floxyhairplus.it\/wp-content\/uploads\/2025\/06\/blone7-2-1-1-150x150.webp",150,150,true],"medium":["https:\/\/floxyhairplus.it\/wp-content\/uploads\/2025\/06\/blone7-2-1-1-259x300.webp",259,300,true],"medium_large":["https:\/\/floxyhairplus.it\/wp-content\/uploads\/2025\/06\/blone7-2-1-1.webp",384,445,false],"large":["https:\/\/floxyhairplus.it\/wp-content\/uploads\/2025\/06\/blone7-2-1-1.webp",384,445,false],"1536x1536":["https:\/\/floxyhairplus.it\/wp-content\/uploads\/2025\/06\/blone7-2-1-1.webp",384,445,false],"2048x2048":["https:\/\/floxyhairplus.it\/wp-content\/uploads\/2025\/06\/blone7-2-1-1.webp",384,445,false],"trp-custom-language-flag":["https:\/\/floxyhairplus.it\/wp-content\/uploads\/2025\/06\/blone7-2-1-1.webp",10,12,false],"woocommerce_thumbnail":["https:\/\/floxyhairplus.it\/wp-content\/uploads\/2025\/06\/blone7-2-1-1-300x300.webp",300,300,true],"woocommerce_single":["https:\/\/floxyhairplus.it\/wp-content\/uploads\/2025\/06\/blone7-2-1-1.webp",384,445,false],"woocommerce_gallery_thumbnail":["https:\/\/floxyhairplus.it\/wp-content\/uploads\/2025\/06\/blone7-2-1-1-100x100.webp",100,100,true],"variation_swatches_image_size":["https:\/\/floxyhairplus.it\/wp-content\/uploads\/2025\/06\/blone7-2-1-1-50x50.webp",50,50,true],"variation_swatches_tooltip_size":["https:\/\/floxyhairplus.it\/wp-content\/uploads\/2025\/06\/blone7-2-1-1-100x100.webp",100,100,true]},"uagb_author_info":{"display_name":"vita","author_link":"https:\/\/floxyhairplus.it\/en\/author\/"},"uagb_comment_info":0,"uagb_excerpt":"La struttura di liscia naturale \u00e8 lucentezza e setosa e la brillantezza naturale. \u00c8 Facile da arricciare e lisciare mantenendo [&hellip;]","_links":{"self":[{"href":"https:\/\/floxyhairplus.it\/en\/wp-json\/wp\/v2\/product\/43335","targetHints":{"allow":["GET"]}}],"collection":[{"href":"https:\/\/floxyhairplus.it\/en\/wp-json\/wp\/v2\/product"}],"about":[{"href":"https:\/\/floxyhairplus.it\/en\/wp-json\/wp\/v2\/types\/product"}],"replies":[{"embeddable":true,"href":"https:\/\/floxyhairplus.it\/en\/wp-json\/wp\/v2\/comments?post=43335"}],"wp:featuredmedia":[{"embeddable":true,"href":"https:\/\/floxyhairplus.it\/en\/wp-json\/wp\/v2\/media\/43513"}],"wp:attachment":[{"href":"https:\/\/floxyhairplus.it\/en\/wp-json\/wp\/v2\/media?parent=43335"}],"wp:term":[{"taxonomy":"product_brand","embeddable":true,"href":"https:\/\/floxyhairplus.it\/en\/wp-json\/wp\/v2\/product_brand?post=43335"},{"taxonomy":"product_cat","embeddable":true,"href":"https:\/\/floxyhairplus.it\/en\/wp-json\/wp\/v2\/product_cat?post=43335"},{"taxonomy":"product_tag","embeddable":true,"href":"https:\/\/floxyhairplus.it\/en\/wp-json\/wp\/v2\/product_tag?post=43335"}],"curies":[{"name":"wp","href":"https:\/\/api.w.org\/{rel}","templated":true}]}}