{"id":55714,"date":"2026-01-27T20:37:17","date_gmt":"2026-01-27T20:37:17","guid":{"rendered":"https:\/\/floxyhairplus.it\/?post_type=product&#038;p=55714"},"modified":"2026-01-27T20:37:17","modified_gmt":"2026-01-27T20:37:17","slug":"extension-clip-in-ricci-in-castano-medio-kinky-curly","status":"publish","type":"product","link":"https:\/\/floxyhairplus.it\/en\/product\/extension-clip-in-ricci-in-castano-medio-kinky-curly\/","title":{"rendered":"Extension clip in ricci  in castano medio  kinky curly"},"content":{"rendered":"<p>Scegliere tra diverse lunghezze, densit\u00e0 e quantit\u00e0 di clip per ottenere il risultato perfetto per te.<br \/>\nOgni set \u00e8 dotato di clip di alta qualit\u00e0 per un\u2019applicazione facile e la massima durata.<\/p>\n<p>Si pu\u00f2 scegliere di acquistare una singola fascia del peso compreso tra 100g e 200g oppure set multipli, che solitamente partono da due pezzi e possono arrivare fino a set da sei pezzi, disponibili in diverse densit\u00e0 (pesi).<\/p>\n<p>Queste extensions ricce kinky si adattano al meglio ai tipi di riccio 3B e 3C e 4A<\/p>\n<p>Dona volume e definizione ai tuoi capelli con queste extension clip-in ricci in colore castano medio.  La combinazione di tonalit\u00e0 calde crea un effetto naturale e luminoso.<\/p>\n<p>Queste extension clip in extesinsion di alta qualit\u00e0 sono un modello artigianale firmato FloxyHairPlus, completamente personalizzabile.<\/p>\n<p>\u00c8 realizzata con capelli veri grezzi al 100%, di cui il 95% delle nostre extensions provengono eticamente dall&#8217;India.<\/p>\n<p>Poich\u00e9 questo \u00e8 un colore personalizzato creato da noi, ti preghiamo di consentire fino a 7 giorni lavorativi prima della spedizione per personalizzare il colore e le clip.<\/p>\n<p>Ti preghiamo di leggere i nostri Termini e Condizioni e la Politica di Reso e Rimborso prima di effettuare l\u2019ordine.<\/p>","protected":false},"excerpt":{"rendered":"<p>Scegliere tra diverse lunghezze, densit\u00e0 e quantit\u00e0 di clip per ottenere il risultato perfetto per te. Ogni set \u00e8 dotato [&hellip;]<\/p>","protected":false},"featured_media":57344,"comment_status":"closed","ping_status":"closed","template":"","meta":{"_acf_changed":false,"_uag_custom_page_level_css":"","site-sidebar-layout":"default","site-content-layout":"","ast-site-content-layout":"default","site-content-style":"default","site-sidebar-style":"default","ast-global-header-display":"","ast-banner-title-visibility":"","ast-main-header-display":"","ast-hfb-above-header-display":"","ast-hfb-below-header-display":"","ast-hfb-mobile-header-display":"","site-post-title":"","ast-breadcrumbs-content":"","ast-featured-img":"","footer-sml-layout":"","theme-transparent-header-meta":"default","adv-header-id-meta":"","stick-header-meta":"","header-above-stick-meta":"","header-main-stick-meta":"","header-below-stick-meta":"","astra-migrate-meta-layouts":"set","ast-page-background-enabled":"default","ast-page-background-meta":{"desktop":{"background-color":"var(--ast-global-color-4)","background-image":"","background-repeat":"repeat","background-position":"center center","background-size":"auto","background-attachment":"scroll","background-type":"","background-media":"","overlay-type":"","overlay-color":"","overlay-opacity":"","overlay-gradient":""},"tablet":{"background-color":"","background-image":"","background-repeat":"repeat","background-position":"center center","background-size":"auto","background-attachment":"scroll","background-type":"","background-media":"","overlay-type":"","overlay-color":"","overlay-opacity":"","overlay-gradient":""},"mobile":{"background-color":"","background-image":"","background-repeat":"repeat","background-position":"center center","background-size":"auto","background-attachment":"scroll","background-type":"","background-media":"","overlay-type":"","overlay-color":"","overlay-opacity":"","overlay-gradient":""}},"ast-content-background-meta":{"desktop":{"background-color":"var(--ast-global-color-5)","background-image":"","background-repeat":"repeat","background-position":"center center","background-size":"auto","background-attachment":"scroll","background-type":"","background-media":"","overlay-type":"","overlay-color":"","overlay-opacity":"","overlay-gradient":""},"tablet":{"background-color":"var(--ast-global-color-5)","background-image":"","background-repeat":"repeat","background-position":"center center","background-size":"auto","background-attachment":"scroll","background-type":"","background-media":"","overlay-type":"","overlay-color":"","overlay-opacity":"","overlay-gradient":""},"mobile":{"background-color":"var(--ast-global-color-5)","background-image":"","background-repeat":"repeat","background-position":"center center","background-size":"auto","background-attachment":"scroll","background-type":"","background-media":"","overlay-type":"","overlay-color":"","overlay-opacity":"","overlay-gradient":""}}},"product_brand":[],"product_cat":[83,96,75,64,68],"product_tag":[],"class_list":{"0":"post-55714","1":"product","2":"type-product","3":"status-publish","4":"has-post-thumbnail","6":"product_cat-clip-in-extensions","7":"product_cat-curly-shop-by-hair-texture","8":"product_cat-clip-in","9":"product_cat-north-indian-raw-hair","10":"product_cat-curly","11":"desktop-align-center","12":"tablet-align-center","13":"mobile-align-center","14":"tm-no-options","16":"first","17":"instock","18":"taxable","19":"shipping-taxable","20":"purchasable","21":"product-type-variable"},"acf":[],"yoast_head":"<!-- This site is optimized with the Yoast SEO plugin v26.3 - https:\/\/yoast.com\/wordpress\/plugins\/seo\/ -->\n<title>Extension clip in ricci in castano medio kinky curly - Floxy Hair Plus<\/title>\n<meta name=\"robots\" content=\"index, follow, max-snippet:-1, max-image-preview:large, max-video-preview:-1\" \/>\n<link rel=\"canonical\" href=\"https:\/\/floxyhairplus.it\/en\/product\/extension-clip-in-ricci-in-castano-medio-kinky-curly\/\" \/>\n<meta property=\"og:locale\" content=\"en_US\" \/>\n<meta property=\"og:type\" content=\"article\" \/>\n<meta property=\"og:title\" content=\"Extension clip in ricci in castano medio kinky curly - Floxy Hair Plus\" \/>\n<meta property=\"og:description\" content=\"Scegliere tra diverse lunghezze, densit\u00e0 e quantit\u00e0 di clip per ottenere il risultato perfetto per te. Ogni set \u00e8 dotato [&hellip;]\" \/>\n<meta property=\"og:url\" content=\"https:\/\/floxyhairplus.it\/en\/product\/extension-clip-in-ricci-in-castano-medio-kinky-curly\/\" \/>\n<meta property=\"og:site_name\" content=\"Floxy Hair Plus\" \/>\n<meta property=\"og:image\" content=\"https:\/\/floxyhairplus.it\/wp-content\/uploads\/2025\/07\/Extension-clip-in-ricci-in-piano-colour-castano-e-biondo-miele.jpg\" \/>\n\t<meta property=\"og:image:width\" content=\"1440\" \/>\n\t<meta property=\"og:image:height\" content=\"1080\" \/>\n\t<meta property=\"og:image:type\" content=\"image\/jpeg\" \/>\n<meta name=\"twitter:card\" content=\"summary_large_image\" \/>\n<meta name=\"twitter:label1\" content=\"Est. reading time\" \/>\n\t<meta name=\"twitter:data1\" content=\"2 minutes\" \/>\n<script type=\"application\/ld+json\" class=\"yoast-schema-graph\">{\"@context\":\"https:\/\/schema.org\",\"@graph\":[{\"@type\":\"WebPage\",\"@id\":\"https:\/\/floxyhairplus.it\/product\/extension-clip-in-ricci-in-castano-medio-kinky-curly\/\",\"url\":\"https:\/\/floxyhairplus.it\/product\/extension-clip-in-ricci-in-castano-medio-kinky-curly\/\",\"name\":\"Extension clip in ricci in castano medio kinky curly - Floxy Hair Plus\",\"isPartOf\":{\"@id\":\"https:\/\/floxyhairplus.it\/#website\"},\"primaryImageOfPage\":{\"@id\":\"https:\/\/floxyhairplus.it\/product\/extension-clip-in-ricci-in-castano-medio-kinky-curly\/#primaryimage\"},\"image\":{\"@id\":\"https:\/\/floxyhairplus.it\/product\/extension-clip-in-ricci-in-castano-medio-kinky-curly\/#primaryimage\"},\"thumbnailUrl\":\"https:\/\/floxyhairplus.it\/wp-content\/uploads\/2025\/07\/Extension-clip-in-ricci-in-piano-colour-castano-e-biondo-miele.jpg\",\"datePublished\":\"2026-01-27T20:37:17+00:00\",\"breadcrumb\":{\"@id\":\"https:\/\/floxyhairplus.it\/product\/extension-clip-in-ricci-in-castano-medio-kinky-curly\/#breadcrumb\"},\"inLanguage\":\"en-US\",\"potentialAction\":[{\"@type\":\"ReadAction\",\"target\":[\"https:\/\/floxyhairplus.it\/product\/extension-clip-in-ricci-in-castano-medio-kinky-curly\/\"]}]},{\"@type\":\"ImageObject\",\"inLanguage\":\"en-US\",\"@id\":\"https:\/\/floxyhairplus.it\/product\/extension-clip-in-ricci-in-castano-medio-kinky-curly\/#primaryimage\",\"url\":\"https:\/\/floxyhairplus.it\/wp-content\/uploads\/2025\/07\/Extension-clip-in-ricci-in-piano-colour-castano-e-biondo-miele.jpg\",\"contentUrl\":\"https:\/\/floxyhairplus.it\/wp-content\/uploads\/2025\/07\/Extension-clip-in-ricci-in-piano-colour-castano-e-biondo-miele.jpg\",\"width\":1440,\"height\":1080,\"caption\":\"Extension clip in ricci in piano colour castano e biondo miele\"},{\"@type\":\"BreadcrumbList\",\"@id\":\"https:\/\/floxyhairplus.it\/product\/extension-clip-in-ricci-in-castano-medio-kinky-curly\/#breadcrumb\",\"itemListElement\":[{\"@type\":\"ListItem\",\"position\":1,\"name\":\"Home\",\"item\":\"https:\/\/floxyhairplus.it\/\"},{\"@type\":\"ListItem\",\"position\":2,\"name\":\"Shop\",\"item\":\"https:\/\/floxyhairplus.it\/en\/shop\/\"},{\"@type\":\"ListItem\",\"position\":3,\"name\":\"Extension clip in ricci in castano medio kinky curly\"}]},{\"@type\":\"WebSite\",\"@id\":\"https:\/\/floxyhairplus.it\/#website\",\"url\":\"https:\/\/floxyhairplus.it\/\",\"name\":\"Floxy Hair Plus\",\"description\":\"Elevate Your Style, Embrace Your Elegance\",\"publisher\":{\"@id\":\"https:\/\/floxyhairplus.it\/#organization\"},\"potentialAction\":[{\"@type\":\"SearchAction\",\"target\":{\"@type\":\"EntryPoint\",\"urlTemplate\":\"https:\/\/floxyhairplus.it\/?s={search_term_string}\"},\"query-input\":{\"@type\":\"PropertyValueSpecification\",\"valueRequired\":true,\"valueName\":\"search_term_string\"}}],\"inLanguage\":\"en-US\"},{\"@type\":\"Organization\",\"@id\":\"https:\/\/floxyhairplus.it\/#organization\",\"name\":\"Floxy Hair Plus\",\"url\":\"https:\/\/floxyhairplus.it\/\",\"logo\":{\"@type\":\"ImageObject\",\"inLanguage\":\"en-US\",\"@id\":\"https:\/\/floxyhairplus.it\/#\/schema\/logo\/image\/\",\"url\":\"https:\/\/floxyhairplus.it\/wp-content\/uploads\/2025\/07\/logo_fhp1-scaled.webp\",\"contentUrl\":\"https:\/\/floxyhairplus.it\/wp-content\/uploads\/2025\/07\/logo_fhp1-scaled.webp\",\"width\":2560,\"height\":1923,\"caption\":\"Floxy Hair Plus\"},\"image\":{\"@id\":\"https:\/\/floxyhairplus.it\/#\/schema\/logo\/image\/\"}}]}<\/script>\n<!-- \/ Yoast SEO plugin. -->","yoast_head_json":{"title":"Extension clip in ricci in castano medio kinky curly - Floxy Hair Plus","robots":{"index":"index","follow":"follow","max-snippet":"max-snippet:-1","max-image-preview":"max-image-preview:large","max-video-preview":"max-video-preview:-1"},"canonical":"https:\/\/floxyhairplus.it\/en\/product\/extension-clip-in-ricci-in-castano-medio-kinky-curly\/","og_locale":"en_US","og_type":"article","og_title":"Extension clip in ricci in castano medio kinky curly - Floxy Hair Plus","og_description":"Scegliere tra diverse lunghezze, densit\u00e0 e quantit\u00e0 di clip per ottenere il risultato perfetto per te. Ogni set \u00e8 dotato [&hellip;]","og_url":"https:\/\/floxyhairplus.it\/en\/product\/extension-clip-in-ricci-in-castano-medio-kinky-curly\/","og_site_name":"Floxy Hair Plus","og_image":[{"width":1440,"height":1080,"url":"https:\/\/floxyhairplus.it\/wp-content\/uploads\/2025\/07\/Extension-clip-in-ricci-in-piano-colour-castano-e-biondo-miele.jpg","type":"image\/jpeg"}],"twitter_card":"summary_large_image","twitter_misc":{"Est. reading time":"2 minutes"},"schema":{"@context":"https:\/\/schema.org","@graph":[{"@type":"WebPage","@id":"https:\/\/floxyhairplus.it\/product\/extension-clip-in-ricci-in-castano-medio-kinky-curly\/","url":"https:\/\/floxyhairplus.it\/product\/extension-clip-in-ricci-in-castano-medio-kinky-curly\/","name":"Extension clip in ricci in castano medio kinky curly - Floxy Hair Plus","isPartOf":{"@id":"https:\/\/floxyhairplus.it\/#website"},"primaryImageOfPage":{"@id":"https:\/\/floxyhairplus.it\/product\/extension-clip-in-ricci-in-castano-medio-kinky-curly\/#primaryimage"},"image":{"@id":"https:\/\/floxyhairplus.it\/product\/extension-clip-in-ricci-in-castano-medio-kinky-curly\/#primaryimage"},"thumbnailUrl":"https:\/\/floxyhairplus.it\/wp-content\/uploads\/2025\/07\/Extension-clip-in-ricci-in-piano-colour-castano-e-biondo-miele.jpg","datePublished":"2026-01-27T20:37:17+00:00","breadcrumb":{"@id":"https:\/\/floxyhairplus.it\/product\/extension-clip-in-ricci-in-castano-medio-kinky-curly\/#breadcrumb"},"inLanguage":"en-US","potentialAction":[{"@type":"ReadAction","target":["https:\/\/floxyhairplus.it\/product\/extension-clip-in-ricci-in-castano-medio-kinky-curly\/"]}]},{"@type":"ImageObject","inLanguage":"en-US","@id":"https:\/\/floxyhairplus.it\/product\/extension-clip-in-ricci-in-castano-medio-kinky-curly\/#primaryimage","url":"https:\/\/floxyhairplus.it\/wp-content\/uploads\/2025\/07\/Extension-clip-in-ricci-in-piano-colour-castano-e-biondo-miele.jpg","contentUrl":"https:\/\/floxyhairplus.it\/wp-content\/uploads\/2025\/07\/Extension-clip-in-ricci-in-piano-colour-castano-e-biondo-miele.jpg","width":1440,"height":1080,"caption":"Extension clip in ricci in piano colour castano e biondo miele"},{"@type":"BreadcrumbList","@id":"https:\/\/floxyhairplus.it\/product\/extension-clip-in-ricci-in-castano-medio-kinky-curly\/#breadcrumb","itemListElement":[{"@type":"ListItem","position":1,"name":"Home","item":"https:\/\/floxyhairplus.it\/"},{"@type":"ListItem","position":2,"name":"Shop","item":"https:\/\/floxyhairplus.it\/en\/shop\/"},{"@type":"ListItem","position":3,"name":"Extension clip in ricci in castano medio kinky curly"}]},{"@type":"WebSite","@id":"https:\/\/floxyhairplus.it\/#website","url":"https:\/\/floxyhairplus.it\/","name":"Floxy Hair Plus","description":"Elevate Your Style, Embrace Your Elegance","publisher":{"@id":"https:\/\/floxyhairplus.it\/#organization"},"potentialAction":[{"@type":"SearchAction","target":{"@type":"EntryPoint","urlTemplate":"https:\/\/floxyhairplus.it\/?s={search_term_string}"},"query-input":{"@type":"PropertyValueSpecification","valueRequired":true,"valueName":"search_term_string"}}],"inLanguage":"en-US"},{"@type":"Organization","@id":"https:\/\/floxyhairplus.it\/#organization","name":"Floxy Hair Plus","url":"https:\/\/floxyhairplus.it\/","logo":{"@type":"ImageObject","inLanguage":"en-US","@id":"https:\/\/floxyhairplus.it\/#\/schema\/logo\/image\/","url":"https:\/\/floxyhairplus.it\/wp-content\/uploads\/2025\/07\/logo_fhp1-scaled.webp","contentUrl":"https:\/\/floxyhairplus.it\/wp-content\/uploads\/2025\/07\/logo_fhp1-scaled.webp","width":2560,"height":1923,"caption":"Floxy Hair Plus"},"image":{"@id":"https:\/\/floxyhairplus.it\/#\/schema\/logo\/image\/"}}]}},"uagb_featured_image_src":{"full":["https:\/\/floxyhairplus.it\/wp-content\/uploads\/2025\/07\/Extension-clip-in-ricci-in-piano-colour-castano-e-biondo-miele.jpg",1440,1080,false],"thumbnail":["https:\/\/floxyhairplus.it\/wp-content\/uploads\/2025\/07\/Extension-clip-in-ricci-in-piano-colour-castano-e-biondo-miele-150x150.jpg",150,150,true],"medium":["https:\/\/floxyhairplus.it\/wp-content\/uploads\/2025\/07\/Extension-clip-in-ricci-in-piano-colour-castano-e-biondo-miele-300x225.jpg",300,225,true],"medium_large":["https:\/\/floxyhairplus.it\/wp-content\/uploads\/2025\/07\/Extension-clip-in-ricci-in-piano-colour-castano-e-biondo-miele-768x576.jpg",768,576,true],"large":["https:\/\/floxyhairplus.it\/wp-content\/uploads\/2025\/07\/Extension-clip-in-ricci-in-piano-colour-castano-e-biondo-miele-1024x768.jpg",1024,768,true],"1536x1536":["https:\/\/floxyhairplus.it\/wp-content\/uploads\/2025\/07\/Extension-clip-in-ricci-in-piano-colour-castano-e-biondo-miele.jpg",1440,1080,false],"2048x2048":["https:\/\/floxyhairplus.it\/wp-content\/uploads\/2025\/07\/Extension-clip-in-ricci-in-piano-colour-castano-e-biondo-miele.jpg",1440,1080,false],"trp-custom-language-flag":["https:\/\/floxyhairplus.it\/wp-content\/uploads\/2025\/07\/Extension-clip-in-ricci-in-piano-colour-castano-e-biondo-miele.jpg",16,12,false],"woocommerce_thumbnail":["https:\/\/floxyhairplus.it\/wp-content\/uploads\/2025\/07\/Extension-clip-in-ricci-in-piano-colour-castano-e-biondo-miele-300x300.jpg",300,300,true],"woocommerce_single":["https:\/\/floxyhairplus.it\/wp-content\/uploads\/2025\/07\/Extension-clip-in-ricci-in-piano-colour-castano-e-biondo-miele-600x450.jpg",600,450,true],"woocommerce_gallery_thumbnail":["https:\/\/floxyhairplus.it\/wp-content\/uploads\/2025\/07\/Extension-clip-in-ricci-in-piano-colour-castano-e-biondo-miele-100x100.jpg",100,100,true],"variation_swatches_image_size":["https:\/\/floxyhairplus.it\/wp-content\/uploads\/2025\/07\/Extension-clip-in-ricci-in-piano-colour-castano-e-biondo-miele-50x50.jpg",50,50,true],"variation_swatches_tooltip_size":["https:\/\/floxyhairplus.it\/wp-content\/uploads\/2025\/07\/Extension-clip-in-ricci-in-piano-colour-castano-e-biondo-miele-100x100.jpg",100,100,true]},"uagb_author_info":{"display_name":"vita","author_link":"https:\/\/floxyhairplus.it\/en\/author\/"},"uagb_comment_info":0,"uagb_excerpt":"Scegliere tra diverse lunghezze, densit\u00e0 e quantit\u00e0 di clip per ottenere il risultato perfetto per te. Ogni set \u00e8 dotato [&hellip;]","_links":{"self":[{"href":"https:\/\/floxyhairplus.it\/en\/wp-json\/wp\/v2\/product\/55714","targetHints":{"allow":["GET"]}}],"collection":[{"href":"https:\/\/floxyhairplus.it\/en\/wp-json\/wp\/v2\/product"}],"about":[{"href":"https:\/\/floxyhairplus.it\/en\/wp-json\/wp\/v2\/types\/product"}],"replies":[{"embeddable":true,"href":"https:\/\/floxyhairplus.it\/en\/wp-json\/wp\/v2\/comments?post=55714"}],"wp:featuredmedia":[{"embeddable":true,"href":"https:\/\/floxyhairplus.it\/en\/wp-json\/wp\/v2\/media\/57344"}],"wp:attachment":[{"href":"https:\/\/floxyhairplus.it\/en\/wp-json\/wp\/v2\/media?parent=55714"}],"wp:term":[{"taxonomy":"product_brand","embeddable":true,"href":"https:\/\/floxyhairplus.it\/en\/wp-json\/wp\/v2\/product_brand?post=55714"},{"taxonomy":"product_cat","embeddable":true,"href":"https:\/\/floxyhairplus.it\/en\/wp-json\/wp\/v2\/product_cat?post=55714"},{"taxonomy":"product_tag","embeddable":true,"href":"https:\/\/floxyhairplus.it\/en\/wp-json\/wp\/v2\/product_tag?post=55714"}],"curies":[{"name":"wp","href":"https:\/\/api.w.org\/{rel}","templated":true}]}}