{"id":60983,"date":"2026-01-27T20:37:11","date_gmt":"2026-01-27T20:37:11","guid":{"rendered":"https:\/\/floxyhairplus.it\/?post_type=product&#038;p=60983"},"modified":"2026-01-27T20:37:11","modified_gmt":"2026-01-27T20:37:11","slug":"extension-ricce-e-vivaci-bounce-wavy-balayage-personalizzate-n-6","status":"publish","type":"product","link":"https:\/\/floxyhairplus.it\/en\/product\/extension-ricce-e-vivaci-bounce-wavy-balayage-personalizzate-n-6\/","title":{"rendered":"Extension ricce e vivaci Bounce Wavy Balayage personalizzate N\/6"},"content":{"rendered":"<p>Valorizza il tuo look con questa tessitura riccia e rimbalzante in un colore riccio Balayage N\/6 completamente personalizzato. I ricci definiti donano volume e movimento naturale, mentre l\u2019effetto Balayage N\/6 offre sfumature naturali e luminose per un look dinamico e d\u2019impatto.<\/p>\n<p>Queste extension ricce e rimbalzanti sono ideali per i tipi di ricci 3A, 3B e 3C.<\/p>\n<p>Questa tessitura riccia di alta qualit\u00e0 \u00e8 un design artigianale firmato FloxyHairPlus ed \u00e8 completamente personalizzabile.<\/p>\n<p>\u00c8 realizzata al 100% con capelli umani grezzi, e il 95% delle nostre extension \u00e8 eticamente ottenuto dall\u2019India.<\/p>\n<p>Puoi scegliere tra diverse lunghezze, densit\u00e0 e quantit\u00e0 per ottenere l\u2019effetto riccio perfetto per il tuo stile unico.<\/p>\n<p>Poich\u00e9 si tratta di un colore personalizzato creato da noi, ti chiediamo di attendere 3\u20135 giorni lavorativi prima della spedizione.<\/p>\n<p>Ti invitiamo a leggere i nostri Termini e Condizioni e la nostra Politica di Reso e Rimborso prima di effettuare l\u2019ordine.<\/p>","protected":false},"excerpt":{"rendered":"<p>Valorizza il tuo look con questa tessitura riccia e rimbalzante in un colore riccio Balayage N\/6 completamente personalizzato. I ricci [&hellip;]<\/p>","protected":false},"featured_media":57398,"comment_status":"closed","ping_status":"closed","template":"","meta":{"_acf_changed":false,"_uag_custom_page_level_css":"","site-sidebar-layout":"default","site-content-layout":"","ast-site-content-layout":"default","site-content-style":"default","site-sidebar-style":"default","ast-global-header-display":"","ast-banner-title-visibility":"","ast-main-header-display":"","ast-hfb-above-header-display":"","ast-hfb-below-header-display":"","ast-hfb-mobile-header-display":"","site-post-title":"","ast-breadcrumbs-content":"","ast-featured-img":"","footer-sml-layout":"","theme-transparent-header-meta":"default","adv-header-id-meta":"","stick-header-meta":"","header-above-stick-meta":"","header-main-stick-meta":"","header-below-stick-meta":"","astra-migrate-meta-layouts":"set","ast-page-background-enabled":"default","ast-page-background-meta":{"desktop":{"background-color":"var(--ast-global-color-4)","background-image":"","background-repeat":"repeat","background-position":"center center","background-size":"auto","background-attachment":"scroll","background-type":"","background-media":"","overlay-type":"","overlay-color":"","overlay-opacity":"","overlay-gradient":""},"tablet":{"background-color":"","background-image":"","background-repeat":"repeat","background-position":"center center","background-size":"auto","background-attachment":"scroll","background-type":"","background-media":"","overlay-type":"","overlay-color":"","overlay-opacity":"","overlay-gradient":""},"mobile":{"background-color":"","background-image":"","background-repeat":"repeat","background-position":"center center","background-size":"auto","background-attachment":"scroll","background-type":"","background-media":"","overlay-type":"","overlay-color":"","overlay-opacity":"","overlay-gradient":""}},"ast-content-background-meta":{"desktop":{"background-color":"var(--ast-global-color-5)","background-image":"","background-repeat":"repeat","background-position":"center center","background-size":"auto","background-attachment":"scroll","background-type":"","background-media":"","overlay-type":"","overlay-color":"","overlay-opacity":"","overlay-gradient":""},"tablet":{"background-color":"var(--ast-global-color-5)","background-image":"","background-repeat":"repeat","background-position":"center center","background-size":"auto","background-attachment":"scroll","background-type":"","background-media":"","overlay-type":"","overlay-color":"","overlay-opacity":"","overlay-gradient":""},"mobile":{"background-color":"var(--ast-global-color-5)","background-image":"","background-repeat":"repeat","background-position":"center center","background-size":"auto","background-attachment":"scroll","background-type":"","background-media":"","overlay-type":"","overlay-color":"","overlay-opacity":"","overlay-gradient":""}}},"product_brand":[],"product_cat":[96,63,64,68],"product_tag":[],"class_list":{"0":"post-60983","1":"product","2":"type-product","3":"status-publish","4":"has-post-thumbnail","6":"product_cat-curly-shop-by-hair-texture","7":"product_cat-hair-extensions","8":"product_cat-north-indian-raw-hair","9":"product_cat-curly","10":"desktop-align-center","11":"tablet-align-center","12":"mobile-align-center","13":"tm-no-options","15":"first","16":"instock","17":"taxable","18":"shipping-taxable","19":"purchasable","20":"product-type-variable"},"acf":[],"yoast_head":"<!-- This site is optimized with the Yoast SEO plugin v26.3 - https:\/\/yoast.com\/wordpress\/plugins\/seo\/ -->\n<title>Extension ricce e vivaci Bounce Wavy Balayage personalizzate N\/6 - Floxy Hair Plus<\/title>\n<meta name=\"robots\" content=\"index, follow, max-snippet:-1, max-image-preview:large, max-video-preview:-1\" \/>\n<link rel=\"canonical\" href=\"https:\/\/floxyhairplus.it\/en\/product\/extension-ricce-e-vivaci-bounce-wavy-balayage-personalizzate-n-6\/\" \/>\n<meta property=\"og:locale\" content=\"en_US\" \/>\n<meta property=\"og:type\" content=\"article\" \/>\n<meta property=\"og:title\" content=\"Extension ricce e vivaci Bounce Wavy Balayage personalizzate N\/6 - Floxy Hair Plus\" \/>\n<meta property=\"og:description\" content=\"Valorizza il tuo look con questa tessitura riccia e rimbalzante in un colore riccio Balayage N\/6 completamente personalizzato. I ricci [&hellip;]\" \/>\n<meta property=\"og:url\" content=\"https:\/\/floxyhairplus.it\/en\/product\/extension-ricce-e-vivaci-bounce-wavy-balayage-personalizzate-n-6\/\" \/>\n<meta property=\"og:site_name\" content=\"Floxy Hair Plus\" \/>\n<meta property=\"og:image\" content=\"https:\/\/floxyhairplus.it\/wp-content\/uploads\/2025\/07\/Extension-vibrante-ricce-Bounce-Wavy-Balayage-N6-personalizzato-1.jpg\" \/>\n\t<meta property=\"og:image:width\" content=\"1080\" \/>\n\t<meta property=\"og:image:height\" content=\"1440\" \/>\n\t<meta property=\"og:image:type\" content=\"image\/jpeg\" \/>\n<meta name=\"twitter:card\" content=\"summary_large_image\" \/>\n<meta name=\"twitter:label1\" content=\"Est. reading time\" \/>\n\t<meta name=\"twitter:data1\" content=\"1 minute\" \/>\n<script type=\"application\/ld+json\" class=\"yoast-schema-graph\">{\"@context\":\"https:\/\/schema.org\",\"@graph\":[{\"@type\":\"WebPage\",\"@id\":\"https:\/\/floxyhairplus.it\/product\/extension-ricce-e-vivaci-bounce-wavy-balayage-personalizzate-n-6\/\",\"url\":\"https:\/\/floxyhairplus.it\/product\/extension-ricce-e-vivaci-bounce-wavy-balayage-personalizzate-n-6\/\",\"name\":\"Extension ricce e vivaci Bounce Wavy Balayage personalizzate N\/6 - Floxy Hair Plus\",\"isPartOf\":{\"@id\":\"https:\/\/floxyhairplus.it\/#website\"},\"primaryImageOfPage\":{\"@id\":\"https:\/\/floxyhairplus.it\/product\/extension-ricce-e-vivaci-bounce-wavy-balayage-personalizzate-n-6\/#primaryimage\"},\"image\":{\"@id\":\"https:\/\/floxyhairplus.it\/product\/extension-ricce-e-vivaci-bounce-wavy-balayage-personalizzate-n-6\/#primaryimage\"},\"thumbnailUrl\":\"https:\/\/floxyhairplus.it\/wp-content\/uploads\/2025\/07\/Extension-vibrante-ricce-Bounce-Wavy-Balayage-N6-personalizzato-1.jpg\",\"datePublished\":\"2026-01-27T20:37:11+00:00\",\"breadcrumb\":{\"@id\":\"https:\/\/floxyhairplus.it\/product\/extension-ricce-e-vivaci-bounce-wavy-balayage-personalizzate-n-6\/#breadcrumb\"},\"inLanguage\":\"en-US\",\"potentialAction\":[{\"@type\":\"ReadAction\",\"target\":[\"https:\/\/floxyhairplus.it\/product\/extension-ricce-e-vivaci-bounce-wavy-balayage-personalizzate-n-6\/\"]}]},{\"@type\":\"ImageObject\",\"inLanguage\":\"en-US\",\"@id\":\"https:\/\/floxyhairplus.it\/product\/extension-ricce-e-vivaci-bounce-wavy-balayage-personalizzate-n-6\/#primaryimage\",\"url\":\"https:\/\/floxyhairplus.it\/wp-content\/uploads\/2025\/07\/Extension-vibrante-ricce-Bounce-Wavy-Balayage-N6-personalizzato-1.jpg\",\"contentUrl\":\"https:\/\/floxyhairplus.it\/wp-content\/uploads\/2025\/07\/Extension-vibrante-ricce-Bounce-Wavy-Balayage-N6-personalizzato-1.jpg\",\"width\":1080,\"height\":1440,\"caption\":\"Extension vibrante ricce Bounce Wavy Balayage N6 personalizzato 1\"},{\"@type\":\"BreadcrumbList\",\"@id\":\"https:\/\/floxyhairplus.it\/product\/extension-ricce-e-vivaci-bounce-wavy-balayage-personalizzate-n-6\/#breadcrumb\",\"itemListElement\":[{\"@type\":\"ListItem\",\"position\":1,\"name\":\"Home\",\"item\":\"https:\/\/floxyhairplus.it\/\"},{\"@type\":\"ListItem\",\"position\":2,\"name\":\"Shop\",\"item\":\"https:\/\/floxyhairplus.it\/en\/shop\/\"},{\"@type\":\"ListItem\",\"position\":3,\"name\":\"Extension ricce e vivaci Bounce Wavy Balayage personalizzate N\/6\"}]},{\"@type\":\"WebSite\",\"@id\":\"https:\/\/floxyhairplus.it\/#website\",\"url\":\"https:\/\/floxyhairplus.it\/\",\"name\":\"Floxy Hair Plus\",\"description\":\"Elevate Your Style, Embrace Your Elegance\",\"publisher\":{\"@id\":\"https:\/\/floxyhairplus.it\/#organization\"},\"potentialAction\":[{\"@type\":\"SearchAction\",\"target\":{\"@type\":\"EntryPoint\",\"urlTemplate\":\"https:\/\/floxyhairplus.it\/?s={search_term_string}\"},\"query-input\":{\"@type\":\"PropertyValueSpecification\",\"valueRequired\":true,\"valueName\":\"search_term_string\"}}],\"inLanguage\":\"en-US\"},{\"@type\":\"Organization\",\"@id\":\"https:\/\/floxyhairplus.it\/#organization\",\"name\":\"Floxy Hair Plus\",\"url\":\"https:\/\/floxyhairplus.it\/\",\"logo\":{\"@type\":\"ImageObject\",\"inLanguage\":\"en-US\",\"@id\":\"https:\/\/floxyhairplus.it\/#\/schema\/logo\/image\/\",\"url\":\"https:\/\/floxyhairplus.it\/wp-content\/uploads\/2025\/07\/logo_fhp1-scaled.webp\",\"contentUrl\":\"https:\/\/floxyhairplus.it\/wp-content\/uploads\/2025\/07\/logo_fhp1-scaled.webp\",\"width\":2560,\"height\":1923,\"caption\":\"Floxy Hair Plus\"},\"image\":{\"@id\":\"https:\/\/floxyhairplus.it\/#\/schema\/logo\/image\/\"}}]}<\/script>\n<!-- \/ Yoast SEO plugin. -->","yoast_head_json":{"title":"Extension ricce e vivaci Bounce Wavy Balayage personalizzate N\/6 - Floxy Hair Plus","robots":{"index":"index","follow":"follow","max-snippet":"max-snippet:-1","max-image-preview":"max-image-preview:large","max-video-preview":"max-video-preview:-1"},"canonical":"https:\/\/floxyhairplus.it\/en\/product\/extension-ricce-e-vivaci-bounce-wavy-balayage-personalizzate-n-6\/","og_locale":"en_US","og_type":"article","og_title":"Extension ricce e vivaci Bounce Wavy Balayage personalizzate N\/6 - Floxy Hair Plus","og_description":"Valorizza il tuo look con questa tessitura riccia e rimbalzante in un colore riccio Balayage N\/6 completamente personalizzato. I ricci [&hellip;]","og_url":"https:\/\/floxyhairplus.it\/en\/product\/extension-ricce-e-vivaci-bounce-wavy-balayage-personalizzate-n-6\/","og_site_name":"Floxy Hair Plus","og_image":[{"width":1080,"height":1440,"url":"https:\/\/floxyhairplus.it\/wp-content\/uploads\/2025\/07\/Extension-vibrante-ricce-Bounce-Wavy-Balayage-N6-personalizzato-1.jpg","type":"image\/jpeg"}],"twitter_card":"summary_large_image","twitter_misc":{"Est. reading time":"1 minute"},"schema":{"@context":"https:\/\/schema.org","@graph":[{"@type":"WebPage","@id":"https:\/\/floxyhairplus.it\/product\/extension-ricce-e-vivaci-bounce-wavy-balayage-personalizzate-n-6\/","url":"https:\/\/floxyhairplus.it\/product\/extension-ricce-e-vivaci-bounce-wavy-balayage-personalizzate-n-6\/","name":"Extension ricce e vivaci Bounce Wavy Balayage personalizzate N\/6 - Floxy Hair Plus","isPartOf":{"@id":"https:\/\/floxyhairplus.it\/#website"},"primaryImageOfPage":{"@id":"https:\/\/floxyhairplus.it\/product\/extension-ricce-e-vivaci-bounce-wavy-balayage-personalizzate-n-6\/#primaryimage"},"image":{"@id":"https:\/\/floxyhairplus.it\/product\/extension-ricce-e-vivaci-bounce-wavy-balayage-personalizzate-n-6\/#primaryimage"},"thumbnailUrl":"https:\/\/floxyhairplus.it\/wp-content\/uploads\/2025\/07\/Extension-vibrante-ricce-Bounce-Wavy-Balayage-N6-personalizzato-1.jpg","datePublished":"2026-01-27T20:37:11+00:00","breadcrumb":{"@id":"https:\/\/floxyhairplus.it\/product\/extension-ricce-e-vivaci-bounce-wavy-balayage-personalizzate-n-6\/#breadcrumb"},"inLanguage":"en-US","potentialAction":[{"@type":"ReadAction","target":["https:\/\/floxyhairplus.it\/product\/extension-ricce-e-vivaci-bounce-wavy-balayage-personalizzate-n-6\/"]}]},{"@type":"ImageObject","inLanguage":"en-US","@id":"https:\/\/floxyhairplus.it\/product\/extension-ricce-e-vivaci-bounce-wavy-balayage-personalizzate-n-6\/#primaryimage","url":"https:\/\/floxyhairplus.it\/wp-content\/uploads\/2025\/07\/Extension-vibrante-ricce-Bounce-Wavy-Balayage-N6-personalizzato-1.jpg","contentUrl":"https:\/\/floxyhairplus.it\/wp-content\/uploads\/2025\/07\/Extension-vibrante-ricce-Bounce-Wavy-Balayage-N6-personalizzato-1.jpg","width":1080,"height":1440,"caption":"Extension vibrante ricce Bounce Wavy Balayage N6 personalizzato 1"},{"@type":"BreadcrumbList","@id":"https:\/\/floxyhairplus.it\/product\/extension-ricce-e-vivaci-bounce-wavy-balayage-personalizzate-n-6\/#breadcrumb","itemListElement":[{"@type":"ListItem","position":1,"name":"Home","item":"https:\/\/floxyhairplus.it\/"},{"@type":"ListItem","position":2,"name":"Shop","item":"https:\/\/floxyhairplus.it\/en\/shop\/"},{"@type":"ListItem","position":3,"name":"Extension ricce e vivaci Bounce Wavy Balayage personalizzate N\/6"}]},{"@type":"WebSite","@id":"https:\/\/floxyhairplus.it\/#website","url":"https:\/\/floxyhairplus.it\/","name":"Floxy Hair Plus","description":"Elevate Your Style, Embrace Your Elegance","publisher":{"@id":"https:\/\/floxyhairplus.it\/#organization"},"potentialAction":[{"@type":"SearchAction","target":{"@type":"EntryPoint","urlTemplate":"https:\/\/floxyhairplus.it\/?s={search_term_string}"},"query-input":{"@type":"PropertyValueSpecification","valueRequired":true,"valueName":"search_term_string"}}],"inLanguage":"en-US"},{"@type":"Organization","@id":"https:\/\/floxyhairplus.it\/#organization","name":"Floxy Hair Plus","url":"https:\/\/floxyhairplus.it\/","logo":{"@type":"ImageObject","inLanguage":"en-US","@id":"https:\/\/floxyhairplus.it\/#\/schema\/logo\/image\/","url":"https:\/\/floxyhairplus.it\/wp-content\/uploads\/2025\/07\/logo_fhp1-scaled.webp","contentUrl":"https:\/\/floxyhairplus.it\/wp-content\/uploads\/2025\/07\/logo_fhp1-scaled.webp","width":2560,"height":1923,"caption":"Floxy Hair Plus"},"image":{"@id":"https:\/\/floxyhairplus.it\/#\/schema\/logo\/image\/"}}]}},"uagb_featured_image_src":{"full":["https:\/\/floxyhairplus.it\/wp-content\/uploads\/2025\/07\/Extension-vibrante-ricce-Bounce-Wavy-Balayage-N6-personalizzato-1.jpg",1080,1440,false],"thumbnail":["https:\/\/floxyhairplus.it\/wp-content\/uploads\/2025\/07\/Extension-vibrante-ricce-Bounce-Wavy-Balayage-N6-personalizzato-1-150x150.jpg",150,150,true],"medium":["https:\/\/floxyhairplus.it\/wp-content\/uploads\/2025\/07\/Extension-vibrante-ricce-Bounce-Wavy-Balayage-N6-personalizzato-1-225x300.jpg",225,300,true],"medium_large":["https:\/\/floxyhairplus.it\/wp-content\/uploads\/2025\/07\/Extension-vibrante-ricce-Bounce-Wavy-Balayage-N6-personalizzato-1-768x1024.jpg",768,1024,true],"large":["https:\/\/floxyhairplus.it\/wp-content\/uploads\/2025\/07\/Extension-vibrante-ricce-Bounce-Wavy-Balayage-N6-personalizzato-1-768x1024.jpg",768,1024,true],"1536x1536":["https:\/\/floxyhairplus.it\/wp-content\/uploads\/2025\/07\/Extension-vibrante-ricce-Bounce-Wavy-Balayage-N6-personalizzato-1.jpg",1080,1440,false],"2048x2048":["https:\/\/floxyhairplus.it\/wp-content\/uploads\/2025\/07\/Extension-vibrante-ricce-Bounce-Wavy-Balayage-N6-personalizzato-1.jpg",1080,1440,false],"trp-custom-language-flag":["https:\/\/floxyhairplus.it\/wp-content\/uploads\/2025\/07\/Extension-vibrante-ricce-Bounce-Wavy-Balayage-N6-personalizzato-1.jpg",9,12,false],"woocommerce_thumbnail":["https:\/\/floxyhairplus.it\/wp-content\/uploads\/2025\/07\/Extension-vibrante-ricce-Bounce-Wavy-Balayage-N6-personalizzato-1-300x300.jpg",300,300,true],"woocommerce_single":["https:\/\/floxyhairplus.it\/wp-content\/uploads\/2025\/07\/Extension-vibrante-ricce-Bounce-Wavy-Balayage-N6-personalizzato-1-600x800.jpg",600,800,true],"woocommerce_gallery_thumbnail":["https:\/\/floxyhairplus.it\/wp-content\/uploads\/2025\/07\/Extension-vibrante-ricce-Bounce-Wavy-Balayage-N6-personalizzato-1-100x100.jpg",100,100,true],"variation_swatches_image_size":["https:\/\/floxyhairplus.it\/wp-content\/uploads\/2025\/07\/Extension-vibrante-ricce-Bounce-Wavy-Balayage-N6-personalizzato-1-50x50.jpg",50,50,true],"variation_swatches_tooltip_size":["https:\/\/floxyhairplus.it\/wp-content\/uploads\/2025\/07\/Extension-vibrante-ricce-Bounce-Wavy-Balayage-N6-personalizzato-1-100x100.jpg",100,100,true]},"uagb_author_info":{"display_name":"vita","author_link":"https:\/\/floxyhairplus.it\/en\/author\/"},"uagb_comment_info":0,"uagb_excerpt":"Valorizza il tuo look con questa tessitura riccia e rimbalzante in un colore riccio Balayage N\/6 completamente personalizzato. I ricci [&hellip;]","_links":{"self":[{"href":"https:\/\/floxyhairplus.it\/en\/wp-json\/wp\/v2\/product\/60983","targetHints":{"allow":["GET"]}}],"collection":[{"href":"https:\/\/floxyhairplus.it\/en\/wp-json\/wp\/v2\/product"}],"about":[{"href":"https:\/\/floxyhairplus.it\/en\/wp-json\/wp\/v2\/types\/product"}],"replies":[{"embeddable":true,"href":"https:\/\/floxyhairplus.it\/en\/wp-json\/wp\/v2\/comments?post=60983"}],"wp:featuredmedia":[{"embeddable":true,"href":"https:\/\/floxyhairplus.it\/en\/wp-json\/wp\/v2\/media\/57398"}],"wp:attachment":[{"href":"https:\/\/floxyhairplus.it\/en\/wp-json\/wp\/v2\/media?parent=60983"}],"wp:term":[{"taxonomy":"product_brand","embeddable":true,"href":"https:\/\/floxyhairplus.it\/en\/wp-json\/wp\/v2\/product_brand?post=60983"},{"taxonomy":"product_cat","embeddable":true,"href":"https:\/\/floxyhairplus.it\/en\/wp-json\/wp\/v2\/product_cat?post=60983"},{"taxonomy":"product_tag","embeddable":true,"href":"https:\/\/floxyhairplus.it\/en\/wp-json\/wp\/v2\/product_tag?post=60983"}],"curies":[{"name":"wp","href":"https:\/\/api.w.org\/{rel}","templated":true}]}}